{"id":931,"date":"2020-10-27T18:24:33","date_gmt":"2020-10-27T17:24:33","guid":{"rendered":"http:\/\/34.65.96.88\/index.php\/product\/intens-retinol-creme-50ml\/"},"modified":"2024-09-21T16:34:31","modified_gmt":"2024-09-21T14:34:31","slug":"intens-retinol-creme-50ml","status":"publish","type":"product","link":"https:\/\/healthstore.mc\/index.php\/product\/intens-retinol-creme-50ml\/","title":{"rendered":"Intens Retinol creme 50ml"},"content":{"rendered":"<p>Une cr\u00e8me concentr\u00e9 en R\u00e9tinol pour r\u00e9pondre sp\u00e9cifiquement aux attentes des peaux alt\u00e9r\u00e9es par le vieillissement : ridules et rides profondes, relief irr\u00e9gulier.<br \/>\nTexture confortable, riche et cr\u00e9meuse, effet volont\u00e9.<br \/>\nAcc\u00e9l\u00e8re le renouvellement cellulaire pour un effet peau neuve, renforce la structure de l&rsquo;\u00e9piderme.<br \/>\nStimule la synth\u00e8se de collag\u00e8ne, raffermit, pr\u00e9vient l&rsquo;atrophie du derme li\u00e9e au photovieillissement.<\/p>\n","protected":false},"excerpt":{"rendered":"<p>INTENSIVE<br \/>\nCREME INTENSIVE RETINOL 50 ML<\/p>\n","protected":false},"featured_media":1203,"comment_status":"open","ping_status":"closed","template":"","meta":[],"product_brand":[],"product_cat":[34],"product_tag":[],"class_list":{"0":"post-931","1":"product","2":"type-product","3":"status-publish","4":"has-post-thumbnail","6":"product_cat-34","7":"entry","9":"first","10":"instock","11":"taxable","12":"shipping-taxable","13":"purchasable","14":"product-type-simple"},"jetpack_sharing_enabled":true,"_links":{"self":[{"href":"https:\/\/healthstore.mc\/index.php\/wp-json\/wp\/v2\/product\/931","targetHints":{"allow":["GET"]}}],"collection":[{"href":"https:\/\/healthstore.mc\/index.php\/wp-json\/wp\/v2\/product"}],"about":[{"href":"https:\/\/healthstore.mc\/index.php\/wp-json\/wp\/v2\/types\/product"}],"replies":[{"embeddable":true,"href":"https:\/\/healthstore.mc\/index.php\/wp-json\/wp\/v2\/comments?post=931"}],"wp:featuredmedia":[{"embeddable":true,"href":"https:\/\/healthstore.mc\/index.php\/wp-json\/wp\/v2\/media\/1203"}],"wp:attachment":[{"href":"https:\/\/healthstore.mc\/index.php\/wp-json\/wp\/v2\/media?parent=931"}],"wp:term":[{"taxonomy":"product_brand","embeddable":true,"href":"https:\/\/healthstore.mc\/index.php\/wp-json\/wp\/v2\/product_brand?post=931"},{"taxonomy":"product_cat","embeddable":true,"href":"https:\/\/healthstore.mc\/index.php\/wp-json\/wp\/v2\/product_cat?post=931"},{"taxonomy":"product_tag","embeddable":true,"href":"https:\/\/healthstore.mc\/index.php\/wp-json\/wp\/v2\/product_tag?post=931"}],"curies":[{"name":"wp","href":"https:\/\/api.w.org\/{rel}","templated":true}]}}