{"id":933,"date":"2020-10-27T18:24:34","date_gmt":"2020-10-27T17:24:34","guid":{"rendered":"http:\/\/34.65.96.88\/index.php\/product\/sun-sublimation-150ml\/"},"modified":"2024-09-21T16:34:38","modified_gmt":"2024-09-21T14:34:38","slug":"sun-sublimation-150ml","status":"publish","type":"product","link":"https:\/\/healthstore.mc\/index.php\/product\/sun-sublimation-150ml\/","title":{"rendered":"EstheS Sun Sublimation 150ml"},"content":{"rendered":"<p>Tr\u00e8s faiblement protecteur, haute nutrition, ce soin surgras acc\u00e9l\u00e8re, intensifie et sublime le h\u00e2le des peaux d\u00e9j\u00e0 tr\u00e8s bronz\u00e9es.<br \/>\nSa texture ultra-riche sublime le bronzage et la beaut\u00e9 de la peau, au soleil comme \u00e0 l&rsquo;ombre.<br \/>\nD\u00e9clenche et optimise le bronzage naturel, pr\u00e9vient la d\u00e9shydratation, nourrit, embellit l\u2019\u00e9piderme et limite le risque de desquamation.<\/p>\n","protected":false},"excerpt":{"rendered":"<p>SUN SUBLIMATION<br \/>\nSUN SUBLIMATION 150 ML<\/p>\n","protected":false},"featured_media":1222,"comment_status":"open","ping_status":"closed","template":"","meta":[],"product_brand":[],"product_cat":[34],"product_tag":[],"class_list":{"0":"post-933","1":"product","2":"type-product","3":"status-publish","4":"has-post-thumbnail","6":"product_cat-34","7":"entry","9":"first","10":"instock","11":"taxable","12":"shipping-taxable","13":"purchasable","14":"product-type-simple"},"jetpack_sharing_enabled":true,"_links":{"self":[{"href":"https:\/\/healthstore.mc\/index.php\/wp-json\/wp\/v2\/product\/933","targetHints":{"allow":["GET"]}}],"collection":[{"href":"https:\/\/healthstore.mc\/index.php\/wp-json\/wp\/v2\/product"}],"about":[{"href":"https:\/\/healthstore.mc\/index.php\/wp-json\/wp\/v2\/types\/product"}],"replies":[{"embeddable":true,"href":"https:\/\/healthstore.mc\/index.php\/wp-json\/wp\/v2\/comments?post=933"}],"wp:featuredmedia":[{"embeddable":true,"href":"https:\/\/healthstore.mc\/index.php\/wp-json\/wp\/v2\/media\/1222"}],"wp:attachment":[{"href":"https:\/\/healthstore.mc\/index.php\/wp-json\/wp\/v2\/media?parent=933"}],"wp:term":[{"taxonomy":"product_brand","embeddable":true,"href":"https:\/\/healthstore.mc\/index.php\/wp-json\/wp\/v2\/product_brand?post=933"},{"taxonomy":"product_cat","embeddable":true,"href":"https:\/\/healthstore.mc\/index.php\/wp-json\/wp\/v2\/product_cat?post=933"},{"taxonomy":"product_tag","embeddable":true,"href":"https:\/\/healthstore.mc\/index.php\/wp-json\/wp\/v2\/product_tag?post=933"}],"curies":[{"name":"wp","href":"https:\/\/api.w.org\/{rel}","templated":true}]}}