{"id":934,"date":"2020-10-27T18:24:34","date_gmt":"2020-10-27T17:24:34","guid":{"rendered":"http:\/\/34.65.96.88\/index.php\/product\/lift-baume-absolu-50ml\/"},"modified":"2024-09-21T16:34:41","modified_gmt":"2024-09-21T14:34:41","slug":"lift-baume-absolu-50ml","status":"publish","type":"product","link":"https:\/\/healthstore.mc\/index.php\/product\/lift-baume-absolu-50ml\/","title":{"rendered":"Lift baume absolu 50ml"},"content":{"rendered":"<p>Soin repulpant \u00e0 effet lifting imm\u00e9diat.<br \/>\nUne texture baume fondante au fini velout\u00e9 non gras.<br \/>\nUn effet tenseur imm\u00e9diat associ\u00e9 \u00e0 un raffermissement durable.<br \/>\nRedonne tonicit\u00e9 et pulpeux aux visages minces ou ayant tendance \u00e0 se creuser (\u00e2ge, r\u00e9gime, fatigue\u2026).<br \/>\nLa peau retrouve fermet\u00e9 et \u00e9lasticit\u00e9.<\/p>\n","protected":false},"excerpt":{"rendered":"<p>LIFT &#038; REPAIR<br \/>\nBAUME ABSOLU REPULP 50 ML<\/p>\n","protected":false},"featured_media":1162,"comment_status":"open","ping_status":"closed","template":"","meta":[],"product_brand":[],"product_cat":[34],"product_tag":[],"class_list":{"0":"post-934","1":"product","2":"type-product","3":"status-publish","4":"has-post-thumbnail","6":"product_cat-34","7":"entry","9":"first","10":"instock","11":"taxable","12":"shipping-taxable","13":"purchasable","14":"product-type-simple"},"jetpack_sharing_enabled":true,"_links":{"self":[{"href":"https:\/\/healthstore.mc\/index.php\/wp-json\/wp\/v2\/product\/934","targetHints":{"allow":["GET"]}}],"collection":[{"href":"https:\/\/healthstore.mc\/index.php\/wp-json\/wp\/v2\/product"}],"about":[{"href":"https:\/\/healthstore.mc\/index.php\/wp-json\/wp\/v2\/types\/product"}],"replies":[{"embeddable":true,"href":"https:\/\/healthstore.mc\/index.php\/wp-json\/wp\/v2\/comments?post=934"}],"wp:featuredmedia":[{"embeddable":true,"href":"https:\/\/healthstore.mc\/index.php\/wp-json\/wp\/v2\/media\/1162"}],"wp:attachment":[{"href":"https:\/\/healthstore.mc\/index.php\/wp-json\/wp\/v2\/media?parent=934"}],"wp:term":[{"taxonomy":"product_brand","embeddable":true,"href":"https:\/\/healthstore.mc\/index.php\/wp-json\/wp\/v2\/product_brand?post=934"},{"taxonomy":"product_cat","embeddable":true,"href":"https:\/\/healthstore.mc\/index.php\/wp-json\/wp\/v2\/product_cat?post=934"},{"taxonomy":"product_tag","embeddable":true,"href":"https:\/\/healthstore.mc\/index.php\/wp-json\/wp\/v2\/product_tag?post=934"}],"curies":[{"name":"wp","href":"https:\/\/api.w.org\/{rel}","templated":true}]}}