{"id":935,"date":"2020-10-27T18:24:34","date_gmt":"2020-10-27T17:24:34","guid":{"rendered":"http:\/\/34.65.96.88\/index.php\/product\/intens-propolis-cr-50ml\/"},"modified":"2024-09-21T16:39:52","modified_gmt":"2024-09-21T14:39:52","slug":"intens-propolis-cr-50ml","status":"publish","type":"product","link":"https:\/\/healthstore.mc\/index.php\/product\/intens-propolis-cr-50ml\/","title":{"rendered":"Intens Propolis + cr 50ml"},"content":{"rendered":"<p>Ce soin perfecteur diminue les imperfections, matifie la peau et lisse visiblement les rides. Son effet flouteur sublime imm\u00e9diatement le teint. Texture l\u00e9g\u00e8re non grasse.<\/p>\n<p>\u2022 Att\u00e9nue les imperfections et matifie la peau : gr\u00e2ce \u00e0 la propolis antibact\u00e9rienne, cette cr\u00e8me diminue les imperfections et r\u00e9duit les brillances.<\/p>\n<p>\u2022 Lisse la peau : l&rsquo;action antioxydante de l&rsquo;acide f\u00e9rulique* aide \u00e0 pr\u00e9server la jeunesse de la peau. En compl\u00e9ment, un peptide biomim\u00e9tique lisse visiblement rides et ridules.<\/p>\n<p>Peaux adultes \u00e0 imperfections.<\/p>\n<p>Appliquer matin et soir sur la peau propre et s\u00e8che du visage et du cou. Destin\u00e9 aux adultes. La collection INTENSIVE s&rsquo;utilise en alternance avec les soins habituels ou en compl\u00e9ment d&rsquo;actes esth\u00e9tiques.<\/p>\n<p>Les d\u00e9fauts sont flout\u00e9s et le teint imm\u00e9diatement sublim\u00e9. Jour apr\u00e8s jour, les imperfections sont att\u00e9nu\u00e9es, les rides semblent liss\u00e9es et la peau matifi\u00e9e. La peau para\u00eet visiblement plus belle.<\/p>\n","protected":false},"excerpt":{"rendered":"<p>CR\u00c8ME PERFECTRICE INTENSIVE PROPOLIS +\u00a0<span class=\"product-contenance\">50ML<\/span><\/p>\n","protected":false},"featured_media":2706,"comment_status":"open","ping_status":"closed","template":"","meta":[],"product_brand":[],"product_cat":[34],"product_tag":[],"class_list":{"0":"post-935","1":"product","2":"type-product","3":"status-publish","4":"has-post-thumbnail","6":"product_cat-34","7":"entry","9":"first","10":"instock","11":"taxable","12":"shipping-taxable","13":"purchasable","14":"product-type-simple"},"jetpack_sharing_enabled":true,"_links":{"self":[{"href":"https:\/\/healthstore.mc\/index.php\/wp-json\/wp\/v2\/product\/935","targetHints":{"allow":["GET"]}}],"collection":[{"href":"https:\/\/healthstore.mc\/index.php\/wp-json\/wp\/v2\/product"}],"about":[{"href":"https:\/\/healthstore.mc\/index.php\/wp-json\/wp\/v2\/types\/product"}],"replies":[{"embeddable":true,"href":"https:\/\/healthstore.mc\/index.php\/wp-json\/wp\/v2\/comments?post=935"}],"wp:featuredmedia":[{"embeddable":true,"href":"https:\/\/healthstore.mc\/index.php\/wp-json\/wp\/v2\/media\/2706"}],"wp:attachment":[{"href":"https:\/\/healthstore.mc\/index.php\/wp-json\/wp\/v2\/media?parent=935"}],"wp:term":[{"taxonomy":"product_brand","embeddable":true,"href":"https:\/\/healthstore.mc\/index.php\/wp-json\/wp\/v2\/product_brand?post=935"},{"taxonomy":"product_cat","embeddable":true,"href":"https:\/\/healthstore.mc\/index.php\/wp-json\/wp\/v2\/product_cat?post=935"},{"taxonomy":"product_tag","embeddable":true,"href":"https:\/\/healthstore.mc\/index.php\/wp-json\/wp\/v2\/product_tag?post=935"}],"curies":[{"name":"wp","href":"https:\/\/api.w.org\/{rel}","templated":true}]}}