{"id":936,"date":"2020-10-27T18:24:35","date_gmt":"2020-10-27T17:24:35","guid":{"rendered":"http:\/\/34.65.96.88\/index.php\/product\/bronz-repair-modr-teint-50ml\/"},"modified":"2024-09-21T16:34:49","modified_gmt":"2024-09-21T14:34:49","slug":"bronz-repair-modr-teint-50ml","status":"publish","type":"product","link":"https:\/\/healthstore.mc\/index.php\/product\/bronz-repair-modr-teint-50ml\/","title":{"rendered":"Bronz Repair mod\u00e9r\u00e9 teint\u00e9 50ml"},"content":{"rendered":"<p>Le soin anti-rides solaire iconique se fait soin de teint.<br \/>\nCette cr\u00e8me teint\u00e9e sublimatrice anti-rides fermet\u00e9 unifie et donne un \u00e9clat imm\u00e9diat \u00e0 la peau.<br \/>\nProt\u00e8ge, optimise le bronzage naturel.<br \/>\nPr\u00e9serve la qualit\u00e9 et la jeunesse de la peau au soleil tout en lissant les rides.<br \/>\nElle est Id\u00e9ale en soin de jour l&rsquo;\u00e9t\u00e9.<br \/>\nTexture onctueuse, effet poudr\u00e9, non com\u00e9dog\u00e8ne.<br \/>\nUne protection maximale contre les UV : la protection UVA est aussi \u00e9lev\u00e9e que la protection UVB.<br \/>\nPr\u00e9vient le photo-vieillissement et les taches brunes : prot\u00e8ge l&rsquo;ADN, pr\u00e9vient les dommages cellulaires gr\u00e2ce \u00e0 la technologie brevet\u00e9e Global Cellular Protection.<br \/>\nActive le processus naturel de pigmentation : le bronzage est lumineux, longue tenue.<br \/>\nPr\u00e9vient et corrige les rides : la peau reste ferme et tonique.<\/p>\n","protected":false},"excerpt":{"rendered":"<p>BRONZ REPAIR TEINT\u00c9<br \/>\nBRONZ REPAIR SUNKISSED SOLEIL MOD\u00c9R\u00c9<\/p>\n","protected":false},"featured_media":1054,"comment_status":"open","ping_status":"closed","template":"","meta":[],"product_brand":[],"product_cat":[34],"product_tag":[],"class_list":{"0":"post-936","1":"product","2":"type-product","3":"status-publish","4":"has-post-thumbnail","6":"product_cat-34","7":"entry","9":"first","10":"instock","11":"taxable","12":"shipping-taxable","13":"purchasable","14":"product-type-simple"},"jetpack_sharing_enabled":true,"_links":{"self":[{"href":"https:\/\/healthstore.mc\/index.php\/wp-json\/wp\/v2\/product\/936","targetHints":{"allow":["GET"]}}],"collection":[{"href":"https:\/\/healthstore.mc\/index.php\/wp-json\/wp\/v2\/product"}],"about":[{"href":"https:\/\/healthstore.mc\/index.php\/wp-json\/wp\/v2\/types\/product"}],"replies":[{"embeddable":true,"href":"https:\/\/healthstore.mc\/index.php\/wp-json\/wp\/v2\/comments?post=936"}],"wp:featuredmedia":[{"embeddable":true,"href":"https:\/\/healthstore.mc\/index.php\/wp-json\/wp\/v2\/media\/1054"}],"wp:attachment":[{"href":"https:\/\/healthstore.mc\/index.php\/wp-json\/wp\/v2\/media?parent=936"}],"wp:term":[{"taxonomy":"product_brand","embeddable":true,"href":"https:\/\/healthstore.mc\/index.php\/wp-json\/wp\/v2\/product_brand?post=936"},{"taxonomy":"product_cat","embeddable":true,"href":"https:\/\/healthstore.mc\/index.php\/wp-json\/wp\/v2\/product_cat?post=936"},{"taxonomy":"product_tag","embeddable":true,"href":"https:\/\/healthstore.mc\/index.php\/wp-json\/wp\/v2\/product_tag?post=936"}],"curies":[{"name":"wp","href":"https:\/\/api.w.org\/{rel}","templated":true}]}}