{"id":940,"date":"2020-10-27T18:24:36","date_gmt":"2020-10-27T17:24:36","guid":{"rendered":"http:\/\/34.65.96.88\/index.php\/product\/active-repair-soin-yeux-15ml\/"},"modified":"2024-09-21T16:34:58","modified_gmt":"2024-09-21T14:34:58","slug":"active-repair-soin-yeux-15ml","status":"publish","type":"product","link":"https:\/\/healthstore.mc\/index.php\/product\/active-repair-soin-yeux-15ml\/","title":{"rendered":"Active repair soin yeux 15ml"},"content":{"rendered":"<p>Soin r\u00e9parateur jeunesse anti rides contour des yeux : restructure et r\u00e9g\u00e9n\u00e8re, apporte \u00e9clat et luminosit\u00e9.<br \/>\nAnti-rides, poches et cernes.<br \/>\nToutes peaux \u00e0 partir de 30 ans.<br \/>\nAppliquer matin et soir sur la peau propre et s\u00e8che du contour de l\u2019oeil par effleurages circulaires.<br \/>\nRides et ridules sont imm\u00e9diatement liss\u00e9es, les signes de fatigue visiblement att\u00e9nu\u00e9s, le regard semble plus jeune.<\/p>\n","protected":false},"excerpt":{"rendered":"<p>ACTIVE REPAIR<br \/>\nSOIN CONTOUR DES YEUX 15 ML<\/p>\n","protected":false},"featured_media":1003,"comment_status":"open","ping_status":"closed","template":"","meta":[],"product_brand":[],"product_cat":[34],"product_tag":[],"class_list":{"0":"post-940","1":"product","2":"type-product","3":"status-publish","4":"has-post-thumbnail","6":"product_cat-34","7":"entry","9":"first","10":"instock","11":"taxable","12":"shipping-taxable","13":"purchasable","14":"product-type-simple"},"jetpack_sharing_enabled":true,"_links":{"self":[{"href":"https:\/\/healthstore.mc\/index.php\/wp-json\/wp\/v2\/product\/940","targetHints":{"allow":["GET"]}}],"collection":[{"href":"https:\/\/healthstore.mc\/index.php\/wp-json\/wp\/v2\/product"}],"about":[{"href":"https:\/\/healthstore.mc\/index.php\/wp-json\/wp\/v2\/types\/product"}],"replies":[{"embeddable":true,"href":"https:\/\/healthstore.mc\/index.php\/wp-json\/wp\/v2\/comments?post=940"}],"wp:featuredmedia":[{"embeddable":true,"href":"https:\/\/healthstore.mc\/index.php\/wp-json\/wp\/v2\/media\/1003"}],"wp:attachment":[{"href":"https:\/\/healthstore.mc\/index.php\/wp-json\/wp\/v2\/media?parent=940"}],"wp:term":[{"taxonomy":"product_brand","embeddable":true,"href":"https:\/\/healthstore.mc\/index.php\/wp-json\/wp\/v2\/product_brand?post=940"},{"taxonomy":"product_cat","embeddable":true,"href":"https:\/\/healthstore.mc\/index.php\/wp-json\/wp\/v2\/product_cat?post=940"},{"taxonomy":"product_tag","embeddable":true,"href":"https:\/\/healthstore.mc\/index.php\/wp-json\/wp\/v2\/product_tag?post=940"}],"curies":[{"name":"wp","href":"https:\/\/api.w.org\/{rel}","templated":true}]}}