{"id":941,"date":"2020-10-27T18:24:36","date_gmt":"2020-10-27T17:24:36","guid":{"rendered":"http:\/\/34.65.96.88\/index.php\/product\/ap-soleil-repair-cr-50ml\/"},"modified":"2024-09-21T16:35:04","modified_gmt":"2024-09-21T14:35:04","slug":"ap-soleil-repair-cr-50ml","status":"publish","type":"product","link":"https:\/\/healthstore.mc\/index.php\/product\/ap-soleil-repair-cr-50ml\/","title":{"rendered":"Ap.Soleil Repair cr 50ml"},"content":{"rendered":"<p>Apaisant, ce soin r\u00e9parateur anti-rides r\u00e9hydrate et calme les sensations d&rsquo;\u00e9chauffement post-exposition solaire.<br \/>\nSa texture fluide et fra\u00eeche restructure et lisse rides et ridules.<br \/>\nLe bronzage est stimul\u00e9, la peau r\u00e9g\u00e9n\u00e9r\u00e9e entre deux expositions.<br \/>\nApaise instantan\u00e9ment les sensations d\u2019inconfort li\u00e9es aux expositions longue dur\u00e9e ou aux coups de soleil.<br \/>\nApaise et pr\u00e9vient le risque de r\u00e9activit\u00e9 cutan\u00e9e post-UV.<br \/>\nAnti-rides r\u00e9parateur, ce soin r\u00e9tablit un taux d\u2019hydratation id\u00e9al, et entretient un h\u00e2le longue dur\u00e9e.<\/p>\n","protected":false},"excerpt":{"rendered":"<p>APR\u00c8S SOLEIL<br \/>\nREPAIR APR\u00c8S-SOLEIL 50 ML<\/p>\n","protected":false},"featured_media":1035,"comment_status":"open","ping_status":"closed","template":"","meta":[],"product_brand":[],"product_cat":[34],"product_tag":[],"class_list":{"0":"post-941","1":"product","2":"type-product","3":"status-publish","4":"has-post-thumbnail","6":"product_cat-34","7":"entry","9":"first","10":"instock","11":"taxable","12":"shipping-taxable","13":"purchasable","14":"product-type-simple"},"jetpack_sharing_enabled":true,"_links":{"self":[{"href":"https:\/\/healthstore.mc\/index.php\/wp-json\/wp\/v2\/product\/941","targetHints":{"allow":["GET"]}}],"collection":[{"href":"https:\/\/healthstore.mc\/index.php\/wp-json\/wp\/v2\/product"}],"about":[{"href":"https:\/\/healthstore.mc\/index.php\/wp-json\/wp\/v2\/types\/product"}],"replies":[{"embeddable":true,"href":"https:\/\/healthstore.mc\/index.php\/wp-json\/wp\/v2\/comments?post=941"}],"wp:featuredmedia":[{"embeddable":true,"href":"https:\/\/healthstore.mc\/index.php\/wp-json\/wp\/v2\/media\/1035"}],"wp:attachment":[{"href":"https:\/\/healthstore.mc\/index.php\/wp-json\/wp\/v2\/media?parent=941"}],"wp:term":[{"taxonomy":"product_brand","embeddable":true,"href":"https:\/\/healthstore.mc\/index.php\/wp-json\/wp\/v2\/product_brand?post=941"},{"taxonomy":"product_cat","embeddable":true,"href":"https:\/\/healthstore.mc\/index.php\/wp-json\/wp\/v2\/product_cat?post=941"},{"taxonomy":"product_tag","embeddable":true,"href":"https:\/\/healthstore.mc\/index.php\/wp-json\/wp\/v2\/product_tag?post=941"}],"curies":[{"name":"wp","href":"https:\/\/api.w.org\/{rel}","templated":true}]}}