{"id":942,"date":"2020-10-27T18:24:37","date_gmt":"2020-10-27T17:24:37","guid":{"rendered":"http:\/\/34.65.96.88\/index.php\/product\/intens-retinol-serum-15ml\/"},"modified":"2024-09-21T16:35:05","modified_gmt":"2024-09-21T14:35:05","slug":"intens-retinol-serum-15ml","status":"publish","type":"product","link":"https:\/\/healthstore.mc\/index.php\/product\/intens-retinol-serum-15ml\/","title":{"rendered":"Intens Retinol serum 15ml"},"content":{"rendered":"<p>D\u00e8s 35 ans, signes de vieillissement marqu\u00e9s: rides profondes &#8211; relief irr\u00e9gulier &#8211; cicatrices r\u00e9centes.<br \/>\nPhotovieillissement : id\u00e9al en hiver en cure \u00ab\u00a0peau neuve\u00a0\u00bb post surexposition solaire.<br \/>\nUn s\u00e9rum r\u00e9tinol hautement concentr\u00e9 en r\u00e9tinol pour r\u00e9pondre sp\u00e9cifiquement aux attentes des peaux alt\u00e9r\u00e9es par le vieillissement : ridules et rides profondes, relief irr\u00e9gulier, peau amincie par l&rsquo;\u00e2ge.<br \/>\nTexture huile-s\u00e9rum.<br \/>\nCe s\u00e9rum r\u00e9tinol Acc\u00e9l\u00e8re le renouvellement cellulaire pour un effet peau neuve, renforce la structure de l&rsquo;\u00e9piderme.<br \/>\nStimule la synth\u00e8se de collag\u00e8ne, raffermit, pr\u00e9vient l&rsquo;atrophie du derme li\u00e9e au photovieillissement.<\/p>\n","protected":false},"excerpt":{"rendered":"<p>INTENSIVE<br \/>\nSERUM INTENSIVE RETINOL 15 ML<\/p>\n","protected":false},"featured_media":1204,"comment_status":"open","ping_status":"closed","template":"","meta":[],"product_brand":[],"product_cat":[34],"product_tag":[],"class_list":{"0":"post-942","1":"product","2":"type-product","3":"status-publish","4":"has-post-thumbnail","6":"product_cat-34","7":"entry","9":"first","10":"instock","11":"taxable","12":"shipping-taxable","13":"purchasable","14":"product-type-simple"},"jetpack_sharing_enabled":true,"_links":{"self":[{"href":"https:\/\/healthstore.mc\/index.php\/wp-json\/wp\/v2\/product\/942","targetHints":{"allow":["GET"]}}],"collection":[{"href":"https:\/\/healthstore.mc\/index.php\/wp-json\/wp\/v2\/product"}],"about":[{"href":"https:\/\/healthstore.mc\/index.php\/wp-json\/wp\/v2\/types\/product"}],"replies":[{"embeddable":true,"href":"https:\/\/healthstore.mc\/index.php\/wp-json\/wp\/v2\/comments?post=942"}],"wp:featuredmedia":[{"embeddable":true,"href":"https:\/\/healthstore.mc\/index.php\/wp-json\/wp\/v2\/media\/1204"}],"wp:attachment":[{"href":"https:\/\/healthstore.mc\/index.php\/wp-json\/wp\/v2\/media?parent=942"}],"wp:term":[{"taxonomy":"product_brand","embeddable":true,"href":"https:\/\/healthstore.mc\/index.php\/wp-json\/wp\/v2\/product_brand?post=942"},{"taxonomy":"product_cat","embeddable":true,"href":"https:\/\/healthstore.mc\/index.php\/wp-json\/wp\/v2\/product_cat?post=942"},{"taxonomy":"product_tag","embeddable":true,"href":"https:\/\/healthstore.mc\/index.php\/wp-json\/wp\/v2\/product_tag?post=942"}],"curies":[{"name":"wp","href":"https:\/\/api.w.org\/{rel}","templated":true}]}}