{"id":944,"date":"2020-10-27T18:24:38","date_gmt":"2020-10-27T17:24:38","guid":{"rendered":"http:\/\/34.65.96.88\/index.php\/product\/osmo-lait-demaq-desensi-400ml\/"},"modified":"2024-09-21T16:35:11","modified_gmt":"2024-09-21T14:35:11","slug":"osmo-lait-demaq-desensi-400ml","status":"publish","type":"product","link":"https:\/\/healthstore.mc\/index.php\/product\/osmo-lait-demaq-desensi-400ml\/","title":{"rendered":"Osmo lait demaq desensi 400ml"},"content":{"rendered":"<p>D&rsquo;une extr\u00eame d\u00e9licatesse, le LAIT D\u00c9MAQUILLANT D\u00c9SENSIBILISANT r\u00e9concilie les peaux les plus sensibles avec le plaisir d&rsquo;un nettoyage-soin.<br \/>\nApaise et nettoie sans agresser.<br \/>\nRespecte l&rsquo;\u00e9quilibre de la flore cutan\u00e9e.<\/p>\n","protected":false},"excerpt":{"rendered":"<p>OSMOCLEAN<br \/>\nLAIT D\u00c9MAQUILLANT D\u00c9SENSIBILISANT 400 ML<\/p>\n","protected":false},"featured_media":1213,"comment_status":"open","ping_status":"closed","template":"","meta":[],"product_brand":[],"product_cat":[34],"product_tag":[],"class_list":{"0":"post-944","1":"product","2":"type-product","3":"status-publish","4":"has-post-thumbnail","6":"product_cat-34","7":"entry","9":"first","10":"outofstock","11":"taxable","12":"shipping-taxable","13":"purchasable","14":"product-type-simple"},"jetpack_sharing_enabled":true,"_links":{"self":[{"href":"https:\/\/healthstore.mc\/index.php\/wp-json\/wp\/v2\/product\/944","targetHints":{"allow":["GET"]}}],"collection":[{"href":"https:\/\/healthstore.mc\/index.php\/wp-json\/wp\/v2\/product"}],"about":[{"href":"https:\/\/healthstore.mc\/index.php\/wp-json\/wp\/v2\/types\/product"}],"replies":[{"embeddable":true,"href":"https:\/\/healthstore.mc\/index.php\/wp-json\/wp\/v2\/comments?post=944"}],"wp:featuredmedia":[{"embeddable":true,"href":"https:\/\/healthstore.mc\/index.php\/wp-json\/wp\/v2\/media\/1213"}],"wp:attachment":[{"href":"https:\/\/healthstore.mc\/index.php\/wp-json\/wp\/v2\/media?parent=944"}],"wp:term":[{"taxonomy":"product_brand","embeddable":true,"href":"https:\/\/healthstore.mc\/index.php\/wp-json\/wp\/v2\/product_brand?post=944"},{"taxonomy":"product_cat","embeddable":true,"href":"https:\/\/healthstore.mc\/index.php\/wp-json\/wp\/v2\/product_cat?post=944"},{"taxonomy":"product_tag","embeddable":true,"href":"https:\/\/healthstore.mc\/index.php\/wp-json\/wp\/v2\/product_tag?post=944"}],"curies":[{"name":"wp","href":"https:\/\/api.w.org\/{rel}","templated":true}]}}