{"id":945,"date":"2020-10-27T18:24:38","date_gmt":"2020-10-27T17:24:38","guid":{"rendered":"http:\/\/34.65.96.88\/index.php\/product\/intens-vit-c-gel-creme-50ml\/"},"modified":"2024-09-21T16:35:15","modified_gmt":"2024-09-21T14:35:15","slug":"intens-vit-c-gel-creme-50ml","status":"publish","type":"product","link":"https:\/\/healthstore.mc\/index.php\/product\/intens-vit-c-gel-creme-50ml\/","title":{"rendered":"Intens Vit C gel creme 50ml"},"content":{"rendered":"<p>Teint uniforme, \u00e9claircissement des taches.<br \/>\nLa vitamine C est une mol\u00e9cule indispensable \u00e0 la peau : stimulante du collag\u00e8ne, elle uniformise le teint et r\u00e9duit l\u2019apparence des taches brunes.<br \/>\nLe + Esthederm : une vitamine C stabilis\u00e9e pour une meilleure efficacit\u00e9 de la mol\u00e9cule.<\/p>\n","protected":false},"excerpt":{"rendered":"<p>INTENSIVE<br \/>\nGEL-CREME VITAMINE C 50ML<\/p>\n","protected":false},"featured_media":1209,"comment_status":"open","ping_status":"closed","template":"","meta":[],"product_brand":[],"product_cat":[34],"product_tag":[],"class_list":{"0":"post-945","1":"product","2":"type-product","3":"status-publish","4":"has-post-thumbnail","6":"product_cat-34","7":"entry","9":"first","10":"instock","11":"taxable","12":"shipping-taxable","13":"purchasable","14":"product-type-simple"},"jetpack_sharing_enabled":true,"_links":{"self":[{"href":"https:\/\/healthstore.mc\/index.php\/wp-json\/wp\/v2\/product\/945","targetHints":{"allow":["GET"]}}],"collection":[{"href":"https:\/\/healthstore.mc\/index.php\/wp-json\/wp\/v2\/product"}],"about":[{"href":"https:\/\/healthstore.mc\/index.php\/wp-json\/wp\/v2\/types\/product"}],"replies":[{"embeddable":true,"href":"https:\/\/healthstore.mc\/index.php\/wp-json\/wp\/v2\/comments?post=945"}],"wp:featuredmedia":[{"embeddable":true,"href":"https:\/\/healthstore.mc\/index.php\/wp-json\/wp\/v2\/media\/1209"}],"wp:attachment":[{"href":"https:\/\/healthstore.mc\/index.php\/wp-json\/wp\/v2\/media?parent=945"}],"wp:term":[{"taxonomy":"product_brand","embeddable":true,"href":"https:\/\/healthstore.mc\/index.php\/wp-json\/wp\/v2\/product_brand?post=945"},{"taxonomy":"product_cat","embeddable":true,"href":"https:\/\/healthstore.mc\/index.php\/wp-json\/wp\/v2\/product_cat?post=945"},{"taxonomy":"product_tag","embeddable":true,"href":"https:\/\/healthstore.mc\/index.php\/wp-json\/wp\/v2\/product_tag?post=945"}],"curies":[{"name":"wp","href":"https:\/\/api.w.org\/{rel}","templated":true}]}}