{"id":946,"date":"2020-10-27T18:24:39","date_gmt":"2020-10-27T17:24:39","guid":{"rendered":"http:\/\/34.65.96.88\/index.php\/product\/intens-propolis-serum-30ml\/"},"modified":"2024-09-21T16:34:27","modified_gmt":"2024-09-21T14:34:27","slug":"intens-propolis-serum-30ml","status":"publish","type":"product","link":"https:\/\/healthstore.mc\/index.php\/product\/intens-propolis-serum-30ml\/","title":{"rendered":"Intens Propolis + serum 30ml"},"content":{"rendered":"<p>Ce soin cibl\u00e9 agit rapidement et durablement sur les imperfections, points noirs et pores dilat\u00e9s. Sa texture fluide et confortable p\u00e9n\u00e8tre instantan\u00e9ment, sans laisser de film gras, ni collant. Embout goutte \u00e0 goutte pr\u00e9cision.<\/p>\n<p>\u2022 Cible et r\u00e9duit les imperfections naissantes ou install\u00e9es : hautement concentr\u00e9 en propolis, ce soin local aide \u00e0 diminuer les imperfections d\u00e8s leur apparition.<\/p>\n<p>\u2022 Att\u00e9nue les marques r\u00e9siduelles et resserre visiblement les pores : boost\u00e9 en acide salicylique, il aide \u00e0 estomper les marques li\u00e9es aux imperfections et affine le grain de peau.<\/p>\n<p>Peaux adultes \u00e0 imperfections.<\/p>\n<p>Appliquer uniquement le soir, localement sur une imperfection, ou sur l&rsquo;ensemble de la zone T (front, nez, et\/ou menton). Destin\u00e9 aux adultes. La collection INTENSIVE s&rsquo;utilise en alternance avec les soins habituels ou en compl\u00e9ment d&rsquo;actes esth\u00e9tiques.<\/p>\n<p>Les imperfections et les marques r\u00e9siduelles sont visiblement r\u00e9duites. Le microrelief parait affin\u00e9, liss\u00e9 et les pores resserr\u00e9s. La peau est plus nette et uniforme.<\/p>\n","protected":false},"excerpt":{"rendered":"<p>S\u00c9RUM CONCENTR\u00c9 INTENSIVE PROPOLIS +\u00a0<span class=\"product-contenance\">30ML<\/span><\/p>\n","protected":false},"featured_media":2709,"comment_status":"open","ping_status":"closed","template":"","meta":[],"product_brand":[],"product_cat":[34],"product_tag":[],"class_list":{"0":"post-946","1":"product","2":"type-product","3":"status-publish","4":"has-post-thumbnail","6":"product_cat-34","7":"entry","9":"first","10":"instock","11":"taxable","12":"shipping-taxable","13":"purchasable","14":"product-type-simple"},"jetpack_sharing_enabled":true,"_links":{"self":[{"href":"https:\/\/healthstore.mc\/index.php\/wp-json\/wp\/v2\/product\/946","targetHints":{"allow":["GET"]}}],"collection":[{"href":"https:\/\/healthstore.mc\/index.php\/wp-json\/wp\/v2\/product"}],"about":[{"href":"https:\/\/healthstore.mc\/index.php\/wp-json\/wp\/v2\/types\/product"}],"replies":[{"embeddable":true,"href":"https:\/\/healthstore.mc\/index.php\/wp-json\/wp\/v2\/comments?post=946"}],"wp:featuredmedia":[{"embeddable":true,"href":"https:\/\/healthstore.mc\/index.php\/wp-json\/wp\/v2\/media\/2709"}],"wp:attachment":[{"href":"https:\/\/healthstore.mc\/index.php\/wp-json\/wp\/v2\/media?parent=946"}],"wp:term":[{"taxonomy":"product_brand","embeddable":true,"href":"https:\/\/healthstore.mc\/index.php\/wp-json\/wp\/v2\/product_brand?post=946"},{"taxonomy":"product_cat","embeddable":true,"href":"https:\/\/healthstore.mc\/index.php\/wp-json\/wp\/v2\/product_cat?post=946"},{"taxonomy":"product_tag","embeddable":true,"href":"https:\/\/healthstore.mc\/index.php\/wp-json\/wp\/v2\/product_tag?post=946"}],"curies":[{"name":"wp","href":"https:\/\/api.w.org\/{rel}","templated":true}]}}