{"id":961,"date":"2020-10-27T18:24:44","date_gmt":"2020-10-27T17:24:44","guid":{"rendered":"http:\/\/34.65.96.88\/index.php\/product\/white-soin-eclairc-jour-50ml\/"},"modified":"2024-09-21T16:36:10","modified_gmt":"2024-09-21T14:36:10","slug":"white-soin-eclairc-jour-50ml","status":"publish","type":"product","link":"https:\/\/healthstore.mc\/index.php\/product\/white-soin-eclairc-jour-50ml\/","title":{"rendered":"White soin eclairc jour 50ml"},"content":{"rendered":"<p>Le SOIN JOUR HYDRATANT \u00c9CLAIRCISSANT JEUNESSE clarifie le teint, pr\u00e9vient les hyperpigmentations et pr\u00e9vient les dommages caus\u00e9s par les agressions environnementales.<br \/>\nEstompe imm\u00e9diatement les imperfections et sublime le teint.<br \/>\nProt\u00e8ge en continu du vieillissement cutan\u00e9 pr\u00e9matur\u00e9 et des hyperpigmentations.<br \/>\nEmbellisseur de teint (nacres mauves), il illumine la carnation et floute les irr\u00e9gularit\u00e9s de surface.<br \/>\nContient une protection cellulaire active, sans filtre ni \u00e9cran (UVinCellium) qui neutralise le stress oxydatif et les dommages cellulaires.<\/p>\n","protected":false},"excerpt":{"rendered":"<p>ESTHE-WHITE SYSTEM<br \/>\nSOIN JOUR HYDRATANT \u00c9CLAIRCISSANT JEUNESSE 50 ML<\/p>\n","protected":false},"featured_media":1225,"comment_status":"open","ping_status":"closed","template":"","meta":[],"product_brand":[],"product_cat":[34],"product_tag":[],"class_list":{"0":"post-961","1":"product","2":"type-product","3":"status-publish","4":"has-post-thumbnail","6":"product_cat-34","7":"entry","9":"first","10":"instock","11":"taxable","12":"shipping-taxable","13":"purchasable","14":"product-type-simple"},"jetpack_sharing_enabled":true,"_links":{"self":[{"href":"https:\/\/healthstore.mc\/index.php\/wp-json\/wp\/v2\/product\/961","targetHints":{"allow":["GET"]}}],"collection":[{"href":"https:\/\/healthstore.mc\/index.php\/wp-json\/wp\/v2\/product"}],"about":[{"href":"https:\/\/healthstore.mc\/index.php\/wp-json\/wp\/v2\/types\/product"}],"replies":[{"embeddable":true,"href":"https:\/\/healthstore.mc\/index.php\/wp-json\/wp\/v2\/comments?post=961"}],"wp:featuredmedia":[{"embeddable":true,"href":"https:\/\/healthstore.mc\/index.php\/wp-json\/wp\/v2\/media\/1225"}],"wp:attachment":[{"href":"https:\/\/healthstore.mc\/index.php\/wp-json\/wp\/v2\/media?parent=961"}],"wp:term":[{"taxonomy":"product_brand","embeddable":true,"href":"https:\/\/healthstore.mc\/index.php\/wp-json\/wp\/v2\/product_brand?post=961"},{"taxonomy":"product_cat","embeddable":true,"href":"https:\/\/healthstore.mc\/index.php\/wp-json\/wp\/v2\/product_cat?post=961"},{"taxonomy":"product_tag","embeddable":true,"href":"https:\/\/healthstore.mc\/index.php\/wp-json\/wp\/v2\/product_tag?post=961"}],"curies":[{"name":"wp","href":"https:\/\/api.w.org\/{rel}","templated":true}]}}