{"id":963,"date":"2020-10-27T18:24:45","date_gmt":"2020-10-27T17:24:45","guid":{"rendered":"http:\/\/34.65.96.88\/index.php\/product\/liftrepair-patchs-3mlx10\/"},"modified":"2024-09-21T16:36:28","modified_gmt":"2024-09-21T14:36:28","slug":"liftrepair-patchs-10x3ml","status":"publish","type":"product","link":"https:\/\/healthstore.mc\/index.php\/product\/liftrepair-patchs-10x3ml\/","title":{"rendered":"Lift&#038;repair patchs 10x3ml"},"content":{"rendered":"<p>Patchs lift contour des yeux, effet liftant, lissant et d\u00e9fatiguant.<br \/>\nPermet de lutter contre les effets de la fatigue et de la pollution : effet anti cernes.<br \/>\nCes patchs \u00e0 action instantan\u00e9e restructurent intens\u00e9ment et liftent la zone fragile du contour de l\u2019\u0153il.<br \/>\nIls att\u00e9nuent visiblement poches, cernes, rel\u00e2chement et marques de fatigue.<\/p>\n","protected":false},"excerpt":{"rendered":"<p>LIFT &#038; REPAIR<br \/>\nPATCHS LIFT CONTOUR DES YEUX 10X2<\/p>\n","protected":false},"featured_media":1166,"comment_status":"open","ping_status":"closed","template":"","meta":[],"product_brand":[],"product_cat":[34],"product_tag":[],"class_list":{"0":"post-963","1":"product","2":"type-product","3":"status-publish","4":"has-post-thumbnail","6":"product_cat-34","7":"entry","9":"first","10":"instock","11":"taxable","12":"shipping-taxable","13":"purchasable","14":"product-type-simple"},"jetpack_sharing_enabled":true,"_links":{"self":[{"href":"https:\/\/healthstore.mc\/index.php\/wp-json\/wp\/v2\/product\/963","targetHints":{"allow":["GET"]}}],"collection":[{"href":"https:\/\/healthstore.mc\/index.php\/wp-json\/wp\/v2\/product"}],"about":[{"href":"https:\/\/healthstore.mc\/index.php\/wp-json\/wp\/v2\/types\/product"}],"replies":[{"embeddable":true,"href":"https:\/\/healthstore.mc\/index.php\/wp-json\/wp\/v2\/comments?post=963"}],"wp:featuredmedia":[{"embeddable":true,"href":"https:\/\/healthstore.mc\/index.php\/wp-json\/wp\/v2\/media\/1166"}],"wp:attachment":[{"href":"https:\/\/healthstore.mc\/index.php\/wp-json\/wp\/v2\/media?parent=963"}],"wp:term":[{"taxonomy":"product_brand","embeddable":true,"href":"https:\/\/healthstore.mc\/index.php\/wp-json\/wp\/v2\/product_brand?post=963"},{"taxonomy":"product_cat","embeddable":true,"href":"https:\/\/healthstore.mc\/index.php\/wp-json\/wp\/v2\/product_cat?post=963"},{"taxonomy":"product_tag","embeddable":true,"href":"https:\/\/healthstore.mc\/index.php\/wp-json\/wp\/v2\/product_tag?post=963"}],"curies":[{"name":"wp","href":"https:\/\/api.w.org\/{rel}","templated":true}]}}