{"id":967,"date":"2020-10-27T18:24:46","date_gmt":"2020-10-27T17:24:46","guid":{"rendered":"http:\/\/34.65.96.88\/index.php\/product\/esthed-eau-cell-cr-50ml\/"},"modified":"2024-09-21T16:37:20","modified_gmt":"2024-09-21T14:37:20","slug":"eau-cellulaire-cr-50ml","status":"publish","type":"product","link":"https:\/\/healthstore.mc\/index.php\/product\/eau-cellulaire-cr-50ml\/","title":{"rendered":"Eau cellulaire Cr 50ml"},"content":{"rendered":"<p>Une cr\u00e8me fine et gourmande, pour le plus grand soin des peaux en manque de confort.<br \/>\nEnrichie en c\u00e9ramides, elle convient \u00e0 toutes les peaux.<br \/>\nId\u00e9al \u00e9galement en soin de nuit, en hiver ou dans les climats froids.<br \/>\nL&rsquo;Eau Cellulaire et sa ligne de soins aident \u00e0 pr\u00e9server les fonctions essentielles \u00e0 la jeunesse de la peau.<br \/>\nHydratation dynamique : assure un taux d\u2019hydratation optimal en favorisant les \u00e9changes et le maintien de l\u2019eau dans la peau.<br \/>\nProtection antioxydante : neutralise les effets des radicaux libres, responsables du vieillissement.<br \/>\nD\u00e9fense quotidienne : renforce la barri\u00e8re cutan\u00e9e gr\u00e2ce \u00e0 une protection invisible contre les agressions ext\u00e9rieures (particules polluantes, environnement urbain&#8230;).<br \/>\nEnrichie en c\u00e9ramides, lipides identiques \u00e0 ceux que contient naturellement la peau, la Cr\u00e8me d\u2019EAU CELLULAIRE renforce l\u2019hydratation naturelle pour un confort en continu.<\/p>\n","protected":false},"excerpt":{"rendered":"<p>EAU CELLULAIRE<br \/>\nCR\u00c8ME HYDRATANTE FONDANTE 50 ML<\/p>\n","protected":false},"featured_media":1132,"comment_status":"open","ping_status":"closed","template":"","meta":[],"product_brand":[],"product_cat":[34],"product_tag":[],"class_list":{"0":"post-967","1":"product","2":"type-product","3":"status-publish","4":"has-post-thumbnail","6":"product_cat-34","7":"entry","9":"first","10":"instock","11":"taxable","12":"shipping-taxable","13":"purchasable","14":"product-type-simple"},"jetpack_sharing_enabled":true,"_links":{"self":[{"href":"https:\/\/healthstore.mc\/index.php\/wp-json\/wp\/v2\/product\/967","targetHints":{"allow":["GET"]}}],"collection":[{"href":"https:\/\/healthstore.mc\/index.php\/wp-json\/wp\/v2\/product"}],"about":[{"href":"https:\/\/healthstore.mc\/index.php\/wp-json\/wp\/v2\/types\/product"}],"replies":[{"embeddable":true,"href":"https:\/\/healthstore.mc\/index.php\/wp-json\/wp\/v2\/comments?post=967"}],"wp:featuredmedia":[{"embeddable":true,"href":"https:\/\/healthstore.mc\/index.php\/wp-json\/wp\/v2\/media\/1132"}],"wp:attachment":[{"href":"https:\/\/healthstore.mc\/index.php\/wp-json\/wp\/v2\/media?parent=967"}],"wp:term":[{"taxonomy":"product_brand","embeddable":true,"href":"https:\/\/healthstore.mc\/index.php\/wp-json\/wp\/v2\/product_brand?post=967"},{"taxonomy":"product_cat","embeddable":true,"href":"https:\/\/healthstore.mc\/index.php\/wp-json\/wp\/v2\/product_cat?post=967"},{"taxonomy":"product_tag","embeddable":true,"href":"https:\/\/healthstore.mc\/index.php\/wp-json\/wp\/v2\/product_tag?post=967"}],"curies":[{"name":"wp","href":"https:\/\/api.w.org\/{rel}","templated":true}]}}