{"id":968,"date":"2020-10-27T18:24:47","date_gmt":"2020-10-27T17:24:47","guid":{"rendered":"http:\/\/34.65.96.88\/index.php\/product\/intens-hyaluronic-serum-30ml\/"},"modified":"2024-09-21T16:37:23","modified_gmt":"2024-09-21T14:37:23","slug":"intens-hyaluronic-serum-30ml","status":"publish","type":"product","link":"https:\/\/healthstore.mc\/index.php\/product\/intens-hyaluronic-serum-30ml\/","title":{"rendered":"Intens Hyaluronic serum 30ml"},"content":{"rendered":"<p>Mol\u00e9cule naturellement pr\u00e9sente dans la peau, l&rsquo;acide hyaluronique est un r\u00e9servoir d\u2019eau naturel, garant de la jeunesse et de la fermet\u00e9 cutan\u00e9es.<br \/>\nLe s\u00e9rum Intensive Hyaluronic\u00ae est un s\u00e9rum acide hyaluronique qui associe trois formes diff\u00e9rentes d&rsquo;acide hyaluronique pour hydrater intens\u00e9ment et stimuler la production d&rsquo;acide hyaluronique naturel.<br \/>\nCe S\u00e9rum Acide Hyaluronique comble rides et ridules par r\u00e9hydratation des couches superficielles.<br \/>\nRepulpe imm\u00e9diatement la peau, en surface et en profondeur.<br \/>\nAssociation de 3 formes d&rsquo;acides hyaluronique hautement purifi\u00e9.<\/p>\n","protected":false},"excerpt":{"rendered":"<p>INTENSIVE<br \/>\nS\u00c9RUM INTENSIVE HYALURONIC 30 ML<br \/>\n12 Avis<\/p>\n<p>Partager Facebook<\/p>\n","protected":false},"featured_media":1196,"comment_status":"open","ping_status":"closed","template":"","meta":[],"product_brand":[],"product_cat":[34],"product_tag":[],"class_list":{"0":"post-968","1":"product","2":"type-product","3":"status-publish","4":"has-post-thumbnail","6":"product_cat-34","7":"entry","9":"first","10":"instock","11":"taxable","12":"shipping-taxable","13":"purchasable","14":"product-type-simple"},"jetpack_sharing_enabled":true,"_links":{"self":[{"href":"https:\/\/healthstore.mc\/index.php\/wp-json\/wp\/v2\/product\/968","targetHints":{"allow":["GET"]}}],"collection":[{"href":"https:\/\/healthstore.mc\/index.php\/wp-json\/wp\/v2\/product"}],"about":[{"href":"https:\/\/healthstore.mc\/index.php\/wp-json\/wp\/v2\/types\/product"}],"replies":[{"embeddable":true,"href":"https:\/\/healthstore.mc\/index.php\/wp-json\/wp\/v2\/comments?post=968"}],"wp:featuredmedia":[{"embeddable":true,"href":"https:\/\/healthstore.mc\/index.php\/wp-json\/wp\/v2\/media\/1196"}],"wp:attachment":[{"href":"https:\/\/healthstore.mc\/index.php\/wp-json\/wp\/v2\/media?parent=968"}],"wp:term":[{"taxonomy":"product_brand","embeddable":true,"href":"https:\/\/healthstore.mc\/index.php\/wp-json\/wp\/v2\/product_brand?post=968"},{"taxonomy":"product_cat","embeddable":true,"href":"https:\/\/healthstore.mc\/index.php\/wp-json\/wp\/v2\/product_cat?post=968"},{"taxonomy":"product_tag","embeddable":true,"href":"https:\/\/healthstore.mc\/index.php\/wp-json\/wp\/v2\/product_tag?post=968"}],"curies":[{"name":"wp","href":"https:\/\/api.w.org\/{rel}","templated":true}]}}