{"id":970,"date":"2020-10-27T18:24:48","date_gmt":"2020-10-27T17:24:48","guid":{"rendered":"http:\/\/34.65.96.88\/index.php\/product\/corps-cr-fondante-eau-cell-400ml\/"},"modified":"2024-09-21T16:37:43","modified_gmt":"2024-09-21T14:37:43","slug":"corps-cr-fondante-eau-cell-400ml","status":"publish","type":"product","link":"https:\/\/healthstore.mc\/index.php\/product\/corps-cr-fondante-eau-cell-400ml\/","title":{"rendered":"Corps cr fondante eau cell 400ml"},"content":{"rendered":"<p>Texture \u00ab cocooning \u00bb ultra-fondante et rafra\u00eechissante pour le plus grand confort et bien-\u00eatre de toutes les peaux, m\u00eame les plus s\u00e8ches.<br \/>\nPermet un habillage imm\u00e9diat.<br \/>\nHydrate intens\u00e9ment et durablement : la peau est plus souple et plus douce.<br \/>\nRessource et revitalise.<br \/>\nRecharg\u00e9e en eau et en \u00e9nergie, la peau est comme r\u00e9g\u00e9n\u00e9r\u00e9e et ressourc\u00e9e, pour une sensation de bien-\u00eatre imm\u00e9diate.<\/p>\n","protected":false},"excerpt":{"rendered":"<p>HYDRATATION<br \/>\nCR\u00c8ME FONDANTE D&rsquo;EAU CELLULAIRE 400 ML<\/p>\n","protected":false},"featured_media":1058,"comment_status":"open","ping_status":"closed","template":"","meta":[],"product_brand":[],"product_cat":[34],"product_tag":[],"class_list":{"0":"post-970","1":"product","2":"type-product","3":"status-publish","4":"has-post-thumbnail","6":"product_cat-34","7":"entry","9":"first","10":"instock","11":"taxable","12":"shipping-taxable","13":"purchasable","14":"product-type-simple"},"jetpack_sharing_enabled":true,"_links":{"self":[{"href":"https:\/\/healthstore.mc\/index.php\/wp-json\/wp\/v2\/product\/970","targetHints":{"allow":["GET"]}}],"collection":[{"href":"https:\/\/healthstore.mc\/index.php\/wp-json\/wp\/v2\/product"}],"about":[{"href":"https:\/\/healthstore.mc\/index.php\/wp-json\/wp\/v2\/types\/product"}],"replies":[{"embeddable":true,"href":"https:\/\/healthstore.mc\/index.php\/wp-json\/wp\/v2\/comments?post=970"}],"wp:featuredmedia":[{"embeddable":true,"href":"https:\/\/healthstore.mc\/index.php\/wp-json\/wp\/v2\/media\/1058"}],"wp:attachment":[{"href":"https:\/\/healthstore.mc\/index.php\/wp-json\/wp\/v2\/media?parent=970"}],"wp:term":[{"taxonomy":"product_brand","embeddable":true,"href":"https:\/\/healthstore.mc\/index.php\/wp-json\/wp\/v2\/product_brand?post=970"},{"taxonomy":"product_cat","embeddable":true,"href":"https:\/\/healthstore.mc\/index.php\/wp-json\/wp\/v2\/product_cat?post=970"},{"taxonomy":"product_tag","embeddable":true,"href":"https:\/\/healthstore.mc\/index.php\/wp-json\/wp\/v2\/product_tag?post=970"}],"curies":[{"name":"wp","href":"https:\/\/api.w.org\/{rel}","templated":true}]}}