{"id":974,"date":"2020-10-27T18:24:51","date_gmt":"2020-10-27T17:24:51","guid":{"rendered":"http:\/\/34.65.96.88\/index.php\/product\/intens-hyaluronic-yeux-15ml\/"},"modified":"2024-09-21T16:38:08","modified_gmt":"2024-09-21T14:38:08","slug":"intens-hyaluronic-yeux-15ml","status":"publish","type":"product","link":"https:\/\/healthstore.mc\/index.php\/product\/intens-hyaluronic-yeux-15ml\/","title":{"rendered":"Intens Hyaluronic yeux 15ml"},"content":{"rendered":"<p>Ce s\u00e9rum acide hyaluronique contour des yeux est le premier soin hydra-repulpant de la vall\u00e9e des larmes.<br \/>\nAnti-rides lissant, anti-cernes, anti-poches, d\u00e9fatigant express.<\/p>\n<p>&#8211; Hydrate intens\u00e9ment,<br \/>\n&#8211; Comble la zone creuse de la vall\u00e9e des larmes,<br \/>\n&#8211; Repulpe, corrige et lisse visiblement les rides,<br \/>\n&#8211; D\u00e9fatigue les regards marqu\u00e9s, fatigu\u00e9s,<br \/>\n&#8211; Favorise la diminution des cernes et des poches,<br \/>\n&#8211; Pr\u00e9vient le vieillissement environemental.<\/p>\n","protected":false},"excerpt":{"rendered":"<p>INTENSIVE<br \/>\nS\u00c9RUM YEUX INTENSIVE HYALURONIC 15 ML<\/p>\n","protected":false},"featured_media":1157,"comment_status":"open","ping_status":"closed","template":"","meta":[],"product_brand":[],"product_cat":[34],"product_tag":[],"class_list":{"0":"post-974","1":"product","2":"type-product","3":"status-publish","4":"has-post-thumbnail","6":"product_cat-34","7":"entry","9":"first","10":"outofstock","11":"taxable","12":"shipping-taxable","13":"purchasable","14":"product-type-simple"},"jetpack_sharing_enabled":true,"_links":{"self":[{"href":"https:\/\/healthstore.mc\/index.php\/wp-json\/wp\/v2\/product\/974","targetHints":{"allow":["GET"]}}],"collection":[{"href":"https:\/\/healthstore.mc\/index.php\/wp-json\/wp\/v2\/product"}],"about":[{"href":"https:\/\/healthstore.mc\/index.php\/wp-json\/wp\/v2\/types\/product"}],"replies":[{"embeddable":true,"href":"https:\/\/healthstore.mc\/index.php\/wp-json\/wp\/v2\/comments?post=974"}],"wp:featuredmedia":[{"embeddable":true,"href":"https:\/\/healthstore.mc\/index.php\/wp-json\/wp\/v2\/media\/1157"}],"wp:attachment":[{"href":"https:\/\/healthstore.mc\/index.php\/wp-json\/wp\/v2\/media?parent=974"}],"wp:term":[{"taxonomy":"product_brand","embeddable":true,"href":"https:\/\/healthstore.mc\/index.php\/wp-json\/wp\/v2\/product_brand?post=974"},{"taxonomy":"product_cat","embeddable":true,"href":"https:\/\/healthstore.mc\/index.php\/wp-json\/wp\/v2\/product_cat?post=974"},{"taxonomy":"product_tag","embeddable":true,"href":"https:\/\/healthstore.mc\/index.php\/wp-json\/wp\/v2\/product_tag?post=974"}],"curies":[{"name":"wp","href":"https:\/\/api.w.org\/{rel}","templated":true}]}}