{"id":975,"date":"2020-10-27T18:24:51","date_gmt":"2020-10-27T17:24:51","guid":{"rendered":"http:\/\/34.65.96.88\/index.php\/product\/intens-spiruline-serum-30ml\/"},"modified":"2024-09-21T16:38:10","modified_gmt":"2024-09-21T14:38:10","slug":"intens-spiruline-serum-30ml","status":"publish","type":"product","link":"https:\/\/healthstore.mc\/index.php\/product\/intens-spiruline-serum-30ml\/","title":{"rendered":"Intens Spiruline serum 30ml"},"content":{"rendered":"<p>S\u00e9rum revitalisant hautement concentr\u00e9 en Spiruline pour le soin des peaux fatigu\u00e9es et d\u00e9vitalis\u00e9es.<br \/>\nUn soin concentr\u00e9 en spiruline pour une cure \u00ab\u00a0coup de fouet\u00a0\u00bb vitalit\u00e9 et \u00e9clat \u00e0 tout \u00e2ge.<br \/>\nV\u00e9ritable \u00ab\u00a0m\u00e9soth\u00e9rapie\u00a0\u00bb cosm\u00e9tique, ce soin renforce et revitalise en profondeur les peaux atones et fatigu\u00e9es.<\/p>\n","protected":false},"excerpt":{"rendered":"<p>INTENSIVE<br \/>\nSERUM INTENSIVE SPIRULINE 30 ML<\/p>\n","protected":false},"featured_media":1158,"comment_status":"open","ping_status":"closed","template":"","meta":[],"product_brand":[],"product_cat":[34],"product_tag":[],"class_list":{"0":"post-975","1":"product","2":"type-product","3":"status-publish","4":"has-post-thumbnail","6":"product_cat-34","7":"entry","9":"first","10":"instock","11":"taxable","12":"shipping-taxable","13":"purchasable","14":"product-type-simple"},"jetpack_sharing_enabled":true,"_links":{"self":[{"href":"https:\/\/healthstore.mc\/index.php\/wp-json\/wp\/v2\/product\/975","targetHints":{"allow":["GET"]}}],"collection":[{"href":"https:\/\/healthstore.mc\/index.php\/wp-json\/wp\/v2\/product"}],"about":[{"href":"https:\/\/healthstore.mc\/index.php\/wp-json\/wp\/v2\/types\/product"}],"replies":[{"embeddable":true,"href":"https:\/\/healthstore.mc\/index.php\/wp-json\/wp\/v2\/comments?post=975"}],"wp:featuredmedia":[{"embeddable":true,"href":"https:\/\/healthstore.mc\/index.php\/wp-json\/wp\/v2\/media\/1158"}],"wp:attachment":[{"href":"https:\/\/healthstore.mc\/index.php\/wp-json\/wp\/v2\/media?parent=975"}],"wp:term":[{"taxonomy":"product_brand","embeddable":true,"href":"https:\/\/healthstore.mc\/index.php\/wp-json\/wp\/v2\/product_brand?post=975"},{"taxonomy":"product_cat","embeddable":true,"href":"https:\/\/healthstore.mc\/index.php\/wp-json\/wp\/v2\/product_cat?post=975"},{"taxonomy":"product_tag","embeddable":true,"href":"https:\/\/healthstore.mc\/index.php\/wp-json\/wp\/v2\/product_tag?post=975"}],"curies":[{"name":"wp","href":"https:\/\/api.w.org\/{rel}","templated":true}]}}