{"id":976,"date":"2020-10-27T18:24:51","date_gmt":"2020-10-27T17:24:51","guid":{"rendered":"http:\/\/34.65.96.88\/index.php\/product\/lift-serum-absolu-30ml\/"},"modified":"2024-09-21T16:38:11","modified_gmt":"2024-09-21T14:38:11","slug":"lift-serum-absolu-30ml","status":"publish","type":"product","link":"https:\/\/healthstore.mc\/index.php\/product\/lift-serum-absolu-30ml\/","title":{"rendered":"Lift serum absolu 30ml"},"content":{"rendered":"<p>Ce soin haute performance lifte instantan\u00e9ment et durablement les traits.<br \/>\nAu fil des jours, les contours du visage se redessinent, les volumes sont plus nets.<br \/>\nUn effet tenseur imm\u00e9diat en surface et un lissage du micro-relief cutan\u00e9.<br \/>\nR\u00e9pare en profondeur, restructure, r\u00e9g\u00e9n\u00e8re et raffermit la peau.<\/p>\n","protected":false},"excerpt":{"rendered":"<p>LIFT &#038; REPAIR<br \/>\nS\u00c9RUM ABSOLU TENSEUR 30 ML<\/p>\n","protected":false},"featured_media":1161,"comment_status":"open","ping_status":"closed","template":"","meta":[],"product_brand":[],"product_cat":[34],"product_tag":[],"class_list":{"0":"post-976","1":"product","2":"type-product","3":"status-publish","4":"has-post-thumbnail","6":"product_cat-34","7":"entry","9":"first","10":"instock","11":"taxable","12":"shipping-taxable","13":"purchasable","14":"product-type-simple"},"jetpack_sharing_enabled":true,"_links":{"self":[{"href":"https:\/\/healthstore.mc\/index.php\/wp-json\/wp\/v2\/product\/976","targetHints":{"allow":["GET"]}}],"collection":[{"href":"https:\/\/healthstore.mc\/index.php\/wp-json\/wp\/v2\/product"}],"about":[{"href":"https:\/\/healthstore.mc\/index.php\/wp-json\/wp\/v2\/types\/product"}],"replies":[{"embeddable":true,"href":"https:\/\/healthstore.mc\/index.php\/wp-json\/wp\/v2\/comments?post=976"}],"wp:featuredmedia":[{"embeddable":true,"href":"https:\/\/healthstore.mc\/index.php\/wp-json\/wp\/v2\/media\/1161"}],"wp:attachment":[{"href":"https:\/\/healthstore.mc\/index.php\/wp-json\/wp\/v2\/media?parent=976"}],"wp:term":[{"taxonomy":"product_brand","embeddable":true,"href":"https:\/\/healthstore.mc\/index.php\/wp-json\/wp\/v2\/product_brand?post=976"},{"taxonomy":"product_cat","embeddable":true,"href":"https:\/\/healthstore.mc\/index.php\/wp-json\/wp\/v2\/product_cat?post=976"},{"taxonomy":"product_tag","embeddable":true,"href":"https:\/\/healthstore.mc\/index.php\/wp-json\/wp\/v2\/product_tag?post=976"}],"curies":[{"name":"wp","href":"https:\/\/api.w.org\/{rel}","templated":true}]}}