{"id":978,"date":"2020-10-27T18:24:52","date_gmt":"2020-10-27T17:24:52","guid":{"rendered":"http:\/\/34.65.96.88\/index.php\/product\/osmo-demaq-yeuxlevres-125ml\/"},"modified":"2024-09-21T16:38:39","modified_gmt":"2024-09-21T14:38:39","slug":"osmo-demaq-yeuxlevres-125ml","status":"publish","type":"product","link":"https:\/\/healthstore.mc\/index.php\/product\/osmo-demaq-yeuxlevres-125ml\/","title":{"rendered":"Osmo demaq yeux&#038;levres 125ml"},"content":{"rendered":"<p>Un d\u00e9maquillant biphas\u00e9 formul\u00e9 en parfaite affinit\u00e9 avec la peau, pour tout type de maquillage, m\u00eame waterproof et longue tenue.<br \/>\nPr\u00e9serve l\u2019\u00e9quilibre fragile du contour de l\u2019\u0153il et la jeunesse du regard.<br \/>\nRespecte l&rsquo;\u00e9quilibre de la flore cutan\u00e9e.<\/p>\n","protected":false},"excerpt":{"rendered":"<p>OSMOCLEAN<br \/>\nD\u00c9MAQUILLANT HAUTE TOL\u00c9RANCE YEUX ET L\u00c8VRES WATERPROOF 125 ML<\/p>\n","protected":false},"featured_media":1156,"comment_status":"open","ping_status":"closed","template":"","meta":[],"product_brand":[],"product_cat":[34],"product_tag":[],"class_list":{"0":"post-978","1":"product","2":"type-product","3":"status-publish","4":"has-post-thumbnail","6":"product_cat-34","7":"entry","9":"first","10":"instock","11":"taxable","12":"shipping-taxable","13":"purchasable","14":"product-type-simple"},"jetpack_sharing_enabled":true,"_links":{"self":[{"href":"https:\/\/healthstore.mc\/index.php\/wp-json\/wp\/v2\/product\/978","targetHints":{"allow":["GET"]}}],"collection":[{"href":"https:\/\/healthstore.mc\/index.php\/wp-json\/wp\/v2\/product"}],"about":[{"href":"https:\/\/healthstore.mc\/index.php\/wp-json\/wp\/v2\/types\/product"}],"replies":[{"embeddable":true,"href":"https:\/\/healthstore.mc\/index.php\/wp-json\/wp\/v2\/comments?post=978"}],"wp:featuredmedia":[{"embeddable":true,"href":"https:\/\/healthstore.mc\/index.php\/wp-json\/wp\/v2\/media\/1156"}],"wp:attachment":[{"href":"https:\/\/healthstore.mc\/index.php\/wp-json\/wp\/v2\/media?parent=978"}],"wp:term":[{"taxonomy":"product_brand","embeddable":true,"href":"https:\/\/healthstore.mc\/index.php\/wp-json\/wp\/v2\/product_brand?post=978"},{"taxonomy":"product_cat","embeddable":true,"href":"https:\/\/healthstore.mc\/index.php\/wp-json\/wp\/v2\/product_cat?post=978"},{"taxonomy":"product_tag","embeddable":true,"href":"https:\/\/healthstore.mc\/index.php\/wp-json\/wp\/v2\/product_tag?post=978"}],"curies":[{"name":"wp","href":"https:\/\/api.w.org\/{rel}","templated":true}]}}