{"id":981,"date":"2020-10-27T18:24:53","date_gmt":"2020-10-27T17:24:53","guid":{"rendered":"http:\/\/34.65.96.88\/index.php\/product\/minceur-cr-absolue-fermete-200ml\/"},"modified":"2024-09-21T16:38:56","modified_gmt":"2024-09-21T14:38:56","slug":"minceur-cr-absolue-fermete-200ml","status":"publish","type":"product","link":"https:\/\/healthstore.mc\/index.php\/product\/minceur-cr-absolue-fermete-200ml\/","title":{"rendered":"Minceur cr absolue fermete 200ml"},"content":{"rendered":"<p>Soin quotidien global minceur.<br \/>\nUne texture cr\u00e8me onctueuse et confortable, \u00e0 p\u00e9n\u00e9tration rapide.<br \/>\nD\u00e9stocke intensivement et rapidement les graisses : la caf\u00e9ine, actif minceur de r\u00e9f\u00e9rence, r\u00e9duit les rondeurs localis\u00e9es et active la lipolyse pour lib\u00e9rer les r\u00e9serves de graisses.<br \/>\nFavorise l&rsquo;\u00e9limination de l&rsquo;eau dans les tissus : l\u2019escine, connue pour ses propri\u00e9t\u00e9s veinotoniques, active la micro-circulation pour un effet drainant efficace et durable.<br \/>\nRaffermit durablement : la technologie Sculpt restaure la structure des tissus de soutien. La tonicit\u00e9 et l\u2019\u00e9lasticit\u00e9 de la peau sont ainsi maintenues et pr\u00e9serv\u00e9es.<\/p>\n","protected":false},"excerpt":{"rendered":"<p>MINCEUR<br \/>\nCR\u00c8ME ABSOLUE MINCEUR-FERMET\u00c9 200 ML<\/p>\n","protected":false},"featured_media":1154,"comment_status":"open","ping_status":"closed","template":"","meta":[],"product_brand":[],"product_cat":[34],"product_tag":[],"class_list":{"0":"post-981","1":"product","2":"type-product","3":"status-publish","4":"has-post-thumbnail","6":"product_cat-34","7":"entry","9":"first","10":"instock","11":"taxable","12":"shipping-taxable","13":"purchasable","14":"product-type-simple"},"jetpack_sharing_enabled":true,"_links":{"self":[{"href":"https:\/\/healthstore.mc\/index.php\/wp-json\/wp\/v2\/product\/981","targetHints":{"allow":["GET"]}}],"collection":[{"href":"https:\/\/healthstore.mc\/index.php\/wp-json\/wp\/v2\/product"}],"about":[{"href":"https:\/\/healthstore.mc\/index.php\/wp-json\/wp\/v2\/types\/product"}],"replies":[{"embeddable":true,"href":"https:\/\/healthstore.mc\/index.php\/wp-json\/wp\/v2\/comments?post=981"}],"wp:featuredmedia":[{"embeddable":true,"href":"https:\/\/healthstore.mc\/index.php\/wp-json\/wp\/v2\/media\/1154"}],"wp:attachment":[{"href":"https:\/\/healthstore.mc\/index.php\/wp-json\/wp\/v2\/media?parent=981"}],"wp:term":[{"taxonomy":"product_brand","embeddable":true,"href":"https:\/\/healthstore.mc\/index.php\/wp-json\/wp\/v2\/product_brand?post=981"},{"taxonomy":"product_cat","embeddable":true,"href":"https:\/\/healthstore.mc\/index.php\/wp-json\/wp\/v2\/product_cat?post=981"},{"taxonomy":"product_tag","embeddable":true,"href":"https:\/\/healthstore.mc\/index.php\/wp-json\/wp\/v2\/product_tag?post=981"}],"curies":[{"name":"wp","href":"https:\/\/api.w.org\/{rel}","templated":true}]}}