{"id":982,"date":"2020-10-27T18:24:54","date_gmt":"2020-10-27T17:24:54","guid":{"rendered":"http:\/\/34.65.96.88\/index.php\/product\/corps-baume-fermete-nutri-200ml\/"},"modified":"2024-09-21T16:38:57","modified_gmt":"2024-09-21T14:38:57","slug":"corps-baume-fermete-nutri-200ml","status":"publish","type":"product","link":"https:\/\/healthstore.mc\/index.php\/product\/corps-baume-fermete-nutri-200ml\/","title":{"rendered":"Corps baume fermete nutri 200ml"},"content":{"rendered":"<p>Ce baume fondant et onctueux cible le rel\u00e2chement cutan\u00e9 li\u00e9 \u00e0 l\u2019\u00e2ge, aux modifications de poids ou \u00e0 la maternit\u00e9.<br \/>\nSoin expert fermet\u00e9 sp\u00e9cifique des peaux s\u00e8ches en manque de confort laisse un fini soyeux et d\u00e9licatement iris\u00e9.<br \/>\nCorrige le rel\u00e2chement cutan\u00e9 et pr\u00e9serve le capital jeunesse pour une meilleure \u00e9lasticit\u00e9 de la peau.<br \/>\nNourrit intens\u00e9ment et durablement. Illumine et sublime : le beurre de karit\u00e9 et la glyc\u00e9rine assurent un taux d&rsquo;hydratation id\u00e9al et longue dur\u00e9e.<\/p>\n","protected":false},"excerpt":{"rendered":"<p>FERMET\u00c9<br \/>\nBAUME FERMETE HAUTE NUTRITION 200 ML<\/p>\n","protected":false},"featured_media":1055,"comment_status":"open","ping_status":"closed","template":"","meta":[],"product_brand":[],"product_cat":[34],"product_tag":[],"class_list":{"0":"post-982","1":"product","2":"type-product","3":"status-publish","4":"has-post-thumbnail","6":"product_cat-34","7":"entry","9":"first","10":"instock","11":"taxable","12":"shipping-taxable","13":"purchasable","14":"product-type-simple"},"jetpack_sharing_enabled":true,"_links":{"self":[{"href":"https:\/\/healthstore.mc\/index.php\/wp-json\/wp\/v2\/product\/982","targetHints":{"allow":["GET"]}}],"collection":[{"href":"https:\/\/healthstore.mc\/index.php\/wp-json\/wp\/v2\/product"}],"about":[{"href":"https:\/\/healthstore.mc\/index.php\/wp-json\/wp\/v2\/types\/product"}],"replies":[{"embeddable":true,"href":"https:\/\/healthstore.mc\/index.php\/wp-json\/wp\/v2\/comments?post=982"}],"wp:featuredmedia":[{"embeddable":true,"href":"https:\/\/healthstore.mc\/index.php\/wp-json\/wp\/v2\/media\/1055"}],"wp:attachment":[{"href":"https:\/\/healthstore.mc\/index.php\/wp-json\/wp\/v2\/media?parent=982"}],"wp:term":[{"taxonomy":"product_brand","embeddable":true,"href":"https:\/\/healthstore.mc\/index.php\/wp-json\/wp\/v2\/product_brand?post=982"},{"taxonomy":"product_cat","embeddable":true,"href":"https:\/\/healthstore.mc\/index.php\/wp-json\/wp\/v2\/product_cat?post=982"},{"taxonomy":"product_tag","embeddable":true,"href":"https:\/\/healthstore.mc\/index.php\/wp-json\/wp\/v2\/product_tag?post=982"}],"curies":[{"name":"wp","href":"https:\/\/api.w.org\/{rel}","templated":true}]}}