{"id":984,"date":"2020-10-27T18:24:55","date_gmt":"2020-10-27T17:24:55","guid":{"rendered":"http:\/\/34.65.96.88\/index.php\/product\/corps-lait-anti-relachement-400ml\/"},"modified":"2024-09-21T16:38:59","modified_gmt":"2024-09-21T14:38:59","slug":"corps-lait-anti-relachement-400ml","status":"publish","type":"product","link":"https:\/\/healthstore.mc\/index.php\/product\/corps-lait-anti-relachement-400ml\/","title":{"rendered":"Corps lait anti relachement 400ml"},"content":{"rendered":"<p>Ce lait pour le corps cible le rel\u00e2chement cutan\u00e9 li\u00e9 \u00e0 l\u2019\u00e2ge, aux modifications de poids ou \u00e0 la maternit\u00e9.<br \/>\nTexture onctueuse au confort et \u00e0 l\u2019hydratation longue dur\u00e9e..<br \/>\nCorrige le rel\u00e2chement cutan\u00e9 et pr\u00e9serve le capital jeunesse pour une meilleure \u00e9lasticit\u00e9 de la peau.<br \/>\nHydrate intens\u00e9ment et durablement : ce soin assure un taux d\u2019hydratation longue dur\u00e9e.<\/p>\n","protected":false},"excerpt":{"rendered":"<p>FERMET\u00c9<br \/>\nLAIT HYDRATANT ANTI-RELACHEMENT 400 ML<\/p>\n","protected":false},"featured_media":1066,"comment_status":"open","ping_status":"closed","template":"","meta":[],"product_brand":[],"product_cat":[34],"product_tag":[],"class_list":{"0":"post-984","1":"product","2":"type-product","3":"status-publish","4":"has-post-thumbnail","6":"product_cat-34","7":"entry","9":"first","10":"instock","11":"taxable","12":"shipping-taxable","13":"purchasable","14":"product-type-simple"},"jetpack_sharing_enabled":true,"_links":{"self":[{"href":"https:\/\/healthstore.mc\/index.php\/wp-json\/wp\/v2\/product\/984","targetHints":{"allow":["GET"]}}],"collection":[{"href":"https:\/\/healthstore.mc\/index.php\/wp-json\/wp\/v2\/product"}],"about":[{"href":"https:\/\/healthstore.mc\/index.php\/wp-json\/wp\/v2\/types\/product"}],"replies":[{"embeddable":true,"href":"https:\/\/healthstore.mc\/index.php\/wp-json\/wp\/v2\/comments?post=984"}],"wp:featuredmedia":[{"embeddable":true,"href":"https:\/\/healthstore.mc\/index.php\/wp-json\/wp\/v2\/media\/1066"}],"wp:attachment":[{"href":"https:\/\/healthstore.mc\/index.php\/wp-json\/wp\/v2\/media?parent=984"}],"wp:term":[{"taxonomy":"product_brand","embeddable":true,"href":"https:\/\/healthstore.mc\/index.php\/wp-json\/wp\/v2\/product_brand?post=984"},{"taxonomy":"product_cat","embeddable":true,"href":"https:\/\/healthstore.mc\/index.php\/wp-json\/wp\/v2\/product_cat?post=984"},{"taxonomy":"product_tag","embeddable":true,"href":"https:\/\/healthstore.mc\/index.php\/wp-json\/wp\/v2\/product_tag?post=984"}],"curies":[{"name":"wp","href":"https:\/\/api.w.org\/{rel}","templated":true}]}}