{"id":986,"date":"2020-10-27T18:24:55","date_gmt":"2020-10-27T17:24:55","guid":{"rendered":"http:\/\/34.65.96.88\/index.php\/product\/adaptasun-cr-ps-modr-50ml\/"},"modified":"2023-03-16T19:33:34","modified_gmt":"2023-03-16T18:33:34","slug":"adaptasun-cr-ps-modr-50ml","status":"publish","type":"product","link":"https:\/\/healthstore.mc\/index.php\/product\/adaptasun-cr-ps-modr-50ml\/","title":{"rendered":"AdaptaSun cr ps mod\u00e9r\u00e9 50ml"},"content":{"rendered":"<p>ADAPTASUN VISAGE PEAU SENSIBLE SOLEIL MODERE optimise la protection cellulaire et pr\u00e9vient le photovieillissement gr\u00e2ce \u00e0 la technologie brevet\u00e9e GLOBAL CELLULAR PROTECTION.<br \/>\nStimule, sublime et intensifie le h\u00e2le des peaux claires ou d\u00e9licates, qui bronzent difficilement.<br \/>\nLes peaux sensibles retrouvent, avec mod\u00e9ration, le plaisir du soleil en minimisant les risques de r\u00e9action cutan\u00e9e.<br \/>\nTexture cr\u00e8me onctueuse et d\u00e9licate.<br \/>\nStimule le bronzage naturel pour un r\u00e9sultat plus rapide, plus durable, et plus intense.<br \/>\nPr\u00e9vient le photo-vieillissement et les taches brunes : prot\u00e8ge l&rsquo;ADN, pr\u00e9vient les dommages cellulaires gr\u00e2ce \u00e0 la technologie brevet\u00e9e Global Cellular Protection.<br \/>\nActive le processus naturel de pigmentation : le bronzage est lumineux, intense, longue dur\u00e9e.<br \/>\nPeaux sensibles et claires qui bronzent difficilement, coups de soleil fr\u00e9quents.<br \/>\nR\u00e9serv\u00e9 aux expositions \u00e0 un soleil mod\u00e9r\u00e9 (\u00e9t\u00e9, exposition mod\u00e9r\u00e9e).<br \/>\nAppliquer sur le visage et le d\u00e9collet\u00e9 20 minutes avant l\u2019exposition.<br \/>\nRenouveler l\u2019application toutes les 2 heures.<br \/>\nLes peaux sensibles s\u2019adaptent mieux au soleil et bronzent plus facilement.<br \/>\nNaturellement prot\u00e9g\u00e9es, elles bronzent plus rapidement en \u00e9vitant le risque de coup de soleil.<br \/>\nUn bronzage renforc\u00e9, plus durable.<\/p>\n","protected":false},"excerpt":{"rendered":"<p>ADAPTASUN PEAUX SENSIBLES<br \/>\nADAPTASUN \u2013 CR\u00c8ME VISAGE SOLEIL MOD\u00c9R\u00c9 \u2013 PEAU SENSIBLE 50 ML<\/p>\n","protected":false},"featured_media":1015,"comment_status":"open","ping_status":"closed","template":"","meta":[],"product_brand":[],"product_cat":[34],"product_tag":[],"class_list":{"0":"post-986","1":"product","2":"type-product","3":"status-publish","4":"has-post-thumbnail","6":"product_cat-34","7":"entry","9":"first","10":"instock","11":"taxable","12":"shipping-taxable","13":"purchasable","14":"product-type-simple"},"jetpack_sharing_enabled":true,"_links":{"self":[{"href":"https:\/\/healthstore.mc\/index.php\/wp-json\/wp\/v2\/product\/986","targetHints":{"allow":["GET"]}}],"collection":[{"href":"https:\/\/healthstore.mc\/index.php\/wp-json\/wp\/v2\/product"}],"about":[{"href":"https:\/\/healthstore.mc\/index.php\/wp-json\/wp\/v2\/types\/product"}],"replies":[{"embeddable":true,"href":"https:\/\/healthstore.mc\/index.php\/wp-json\/wp\/v2\/comments?post=986"}],"wp:featuredmedia":[{"embeddable":true,"href":"https:\/\/healthstore.mc\/index.php\/wp-json\/wp\/v2\/media\/1015"}],"wp:attachment":[{"href":"https:\/\/healthstore.mc\/index.php\/wp-json\/wp\/v2\/media?parent=986"}],"wp:term":[{"taxonomy":"product_brand","embeddable":true,"href":"https:\/\/healthstore.mc\/index.php\/wp-json\/wp\/v2\/product_brand?post=986"},{"taxonomy":"product_cat","embeddable":true,"href":"https:\/\/healthstore.mc\/index.php\/wp-json\/wp\/v2\/product_cat?post=986"},{"taxonomy":"product_tag","embeddable":true,"href":"https:\/\/healthstore.mc\/index.php\/wp-json\/wp\/v2\/product_tag?post=986"}],"curies":[{"name":"wp","href":"https:\/\/api.w.org\/{rel}","templated":true}]}}