{"id":987,"date":"2020-10-27T18:24:56","date_gmt":"2020-10-27T17:24:56","guid":{"rendered":"http:\/\/34.65.96.88\/index.php\/product\/ap-soleil-gelee-douche-200ml\/"},"modified":"2023-03-16T19:33:36","modified_gmt":"2023-03-16T18:33:36","slug":"ap-soleil-gelee-douche-200ml","status":"publish","type":"product","link":"https:\/\/healthstore.mc\/index.php\/product\/ap-soleil-gelee-douche-200ml\/","title":{"rendered":"Ap.Soleil Gelee douche 200ml"},"content":{"rendered":"<p>La 1\u00e8re Gel\u00e9e de Douche Micellaire Apr\u00e8s-soleil.<br \/>\nLes mol\u00e9cules micellaires pr\u00e9sentes dans la Gel\u00e9e de Douche se regroupent pour retirer toutes traces de filtre solaire, sel, sable et chlore.<\/p>\n","protected":false},"excerpt":{"rendered":"<p>APR\u00c8S SOLEIL<br \/>\nGEL\u00c9E DE DOUCHE MICELLAIRE APRES-SOLEIL 200 ML<\/p>\n","protected":false},"featured_media":1031,"comment_status":"open","ping_status":"closed","template":"","meta":[],"product_brand":[],"product_cat":[34],"product_tag":[],"class_list":{"0":"post-987","1":"product","2":"type-product","3":"status-publish","4":"has-post-thumbnail","6":"product_cat-34","7":"entry","9":"first","10":"outofstock","11":"taxable","12":"shipping-taxable","13":"purchasable","14":"product-type-simple"},"jetpack_sharing_enabled":true,"_links":{"self":[{"href":"https:\/\/healthstore.mc\/index.php\/wp-json\/wp\/v2\/product\/987","targetHints":{"allow":["GET"]}}],"collection":[{"href":"https:\/\/healthstore.mc\/index.php\/wp-json\/wp\/v2\/product"}],"about":[{"href":"https:\/\/healthstore.mc\/index.php\/wp-json\/wp\/v2\/types\/product"}],"replies":[{"embeddable":true,"href":"https:\/\/healthstore.mc\/index.php\/wp-json\/wp\/v2\/comments?post=987"}],"wp:featuredmedia":[{"embeddable":true,"href":"https:\/\/healthstore.mc\/index.php\/wp-json\/wp\/v2\/media\/1031"}],"wp:attachment":[{"href":"https:\/\/healthstore.mc\/index.php\/wp-json\/wp\/v2\/media?parent=987"}],"wp:term":[{"taxonomy":"product_brand","embeddable":true,"href":"https:\/\/healthstore.mc\/index.php\/wp-json\/wp\/v2\/product_brand?post=987"},{"taxonomy":"product_cat","embeddable":true,"href":"https:\/\/healthstore.mc\/index.php\/wp-json\/wp\/v2\/product_cat?post=987"},{"taxonomy":"product_tag","embeddable":true,"href":"https:\/\/healthstore.mc\/index.php\/wp-json\/wp\/v2\/product_tag?post=987"}],"curies":[{"name":"wp","href":"https:\/\/api.w.org\/{rel}","templated":true}]}}