{"id":990,"date":"2020-10-27T18:24:57","date_gmt":"2020-10-27T17:24:57","guid":{"rendered":"http:\/\/34.65.96.88\/index.php\/product\/bronz-repair-modr-50ml\/"},"modified":"2024-09-21T16:40:24","modified_gmt":"2024-09-21T14:40:24","slug":"bronz-repair-modr-50ml","status":"publish","type":"product","link":"https:\/\/healthstore.mc\/index.php\/product\/bronz-repair-modr-50ml\/","title":{"rendered":"Bronz Repair mod\u00e9r\u00e9 50ml"},"content":{"rendered":"<p>BRONZ REPAIR SOLEIL MOD\u00c9R\u00c9 est un soin solaire anti-rides fermet\u00e9.<br \/>\nCette cr\u00e8me douce et onctueuse stimule le bronzage, pr\u00e9vient le photovieillissement, corrige les rides et raffermit la peau.<br \/>\nLa peau, id\u00e9alement dor\u00e9e, retrouve \u00e9clat, souplesse et tonicit\u00e9.<br \/>\nUne protection maximale contre les UV : la protection UVA est aussi \u00e9lev\u00e9e que la protection UVB.<br \/>\nPr\u00e9vient le photo-vieillissement et les taches brunes : prot\u00e8ge l&rsquo;ADN, pr\u00e9vient les dommages cellulaires gr\u00e2ce \u00e0 la technologie brevet\u00e9e Global Cellular Protection.<br \/>\nActive le processus naturel de pigmentation : le bronzage est lumineux, longue tenue.<br \/>\nPr\u00e9vient et corrige les rides : la peau reste ferme et tonique.<\/p>\n","protected":false},"excerpt":{"rendered":"<p>BRONZ REPAIR<br \/>\nBRONZ REPAIR SOLEIL MOD\u00c9R\u00c9 50 ML<\/p>\n","protected":false},"featured_media":1049,"comment_status":"open","ping_status":"closed","template":"","meta":[],"product_brand":[],"product_cat":[34],"product_tag":[],"class_list":{"0":"post-990","1":"product","2":"type-product","3":"status-publish","4":"has-post-thumbnail","6":"product_cat-34","7":"entry","9":"first","10":"instock","11":"taxable","12":"shipping-taxable","13":"purchasable","14":"product-type-simple"},"jetpack_sharing_enabled":true,"_links":{"self":[{"href":"https:\/\/healthstore.mc\/index.php\/wp-json\/wp\/v2\/product\/990","targetHints":{"allow":["GET"]}}],"collection":[{"href":"https:\/\/healthstore.mc\/index.php\/wp-json\/wp\/v2\/product"}],"about":[{"href":"https:\/\/healthstore.mc\/index.php\/wp-json\/wp\/v2\/types\/product"}],"replies":[{"embeddable":true,"href":"https:\/\/healthstore.mc\/index.php\/wp-json\/wp\/v2\/comments?post=990"}],"wp:featuredmedia":[{"embeddable":true,"href":"https:\/\/healthstore.mc\/index.php\/wp-json\/wp\/v2\/media\/1049"}],"wp:attachment":[{"href":"https:\/\/healthstore.mc\/index.php\/wp-json\/wp\/v2\/media?parent=990"}],"wp:term":[{"taxonomy":"product_brand","embeddable":true,"href":"https:\/\/healthstore.mc\/index.php\/wp-json\/wp\/v2\/product_brand?post=990"},{"taxonomy":"product_cat","embeddable":true,"href":"https:\/\/healthstore.mc\/index.php\/wp-json\/wp\/v2\/product_cat?post=990"},{"taxonomy":"product_tag","embeddable":true,"href":"https:\/\/healthstore.mc\/index.php\/wp-json\/wp\/v2\/product_tag?post=990"}],"curies":[{"name":"wp","href":"https:\/\/api.w.org\/{rel}","templated":true}]}}