{"id":991,"date":"2020-10-27T18:24:58","date_gmt":"2020-10-27T17:24:58","guid":{"rendered":"http:\/\/34.65.96.88\/index.php\/product\/white-soin-eclairc-nuit-50ml\/"},"modified":"2024-09-21T16:40:26","modified_gmt":"2024-09-21T14:40:26","slug":"white-soin-eclairc-nuit-50ml","status":"publish","type":"product","link":"https:\/\/healthstore.mc\/index.php\/product\/white-soin-eclairc-nuit-50ml\/","title":{"rendered":"White soin eclairc nuit 50ml"},"content":{"rendered":"<p>Le SOIN NUIT R\u00c9G\u00c9N\u00c9RANT \u00c9CLAIRCISSANT JEUNESSE \u00e9claircit le teint, les taches pigmentaires, att\u00e9nue les rides et ridules et red\u00e9finit l&rsquo;ovale du visage.<br \/>\nLa peau gagne en fermet\u00e9, le teint s\u2019illumine, nuit apr\u00e8s nuit.<br \/>\n\u00c9claircit, homog\u00e9n\u00e9ise le teint et att\u00e9nue les hyperpigmentations.<br \/>\nApaise et pr\u00e9vient les irritations et inflammations.<br \/>\nPr\u00e9serve le capital Jeunesse de la peau.<\/p>\n","protected":false},"excerpt":{"rendered":"<p>ESTHE-WHITE SYSTEM<br \/>\nSOIN NUIT R\u00c9G\u00c9N\u00c9RANT \u00c9CLAIRCISSANT JEUNESSE 50 ML<\/p>\n","protected":false},"featured_media":1145,"comment_status":"open","ping_status":"closed","template":"","meta":[],"product_brand":[],"product_cat":[34],"product_tag":[],"class_list":{"0":"post-991","1":"product","2":"type-product","3":"status-publish","4":"has-post-thumbnail","6":"product_cat-34","7":"entry","9":"first","10":"instock","11":"taxable","12":"shipping-taxable","13":"purchasable","14":"product-type-simple"},"jetpack_sharing_enabled":true,"_links":{"self":[{"href":"https:\/\/healthstore.mc\/index.php\/wp-json\/wp\/v2\/product\/991","targetHints":{"allow":["GET"]}}],"collection":[{"href":"https:\/\/healthstore.mc\/index.php\/wp-json\/wp\/v2\/product"}],"about":[{"href":"https:\/\/healthstore.mc\/index.php\/wp-json\/wp\/v2\/types\/product"}],"replies":[{"embeddable":true,"href":"https:\/\/healthstore.mc\/index.php\/wp-json\/wp\/v2\/comments?post=991"}],"wp:featuredmedia":[{"embeddable":true,"href":"https:\/\/healthstore.mc\/index.php\/wp-json\/wp\/v2\/media\/1145"}],"wp:attachment":[{"href":"https:\/\/healthstore.mc\/index.php\/wp-json\/wp\/v2\/media?parent=991"}],"wp:term":[{"taxonomy":"product_brand","embeddable":true,"href":"https:\/\/healthstore.mc\/index.php\/wp-json\/wp\/v2\/product_brand?post=991"},{"taxonomy":"product_cat","embeddable":true,"href":"https:\/\/healthstore.mc\/index.php\/wp-json\/wp\/v2\/product_cat?post=991"},{"taxonomy":"product_tag","embeddable":true,"href":"https:\/\/healthstore.mc\/index.php\/wp-json\/wp\/v2\/product_tag?post=991"}],"curies":[{"name":"wp","href":"https:\/\/api.w.org\/{rel}","templated":true}]}}