{"id":998,"date":"2020-10-27T18:25:00","date_gmt":"2020-10-27T17:25:00","guid":{"rendered":"http:\/\/34.65.96.88\/index.php\/product\/esthed-eau-cell-gel-50ml\/"},"modified":"2024-09-21T16:41:48","modified_gmt":"2024-09-21T14:41:48","slug":"eau-cellulaire-gel-50ml","status":"publish","type":"product","link":"https:\/\/healthstore.mc\/index.php\/product\/eau-cellulaire-gel-50ml\/","title":{"rendered":"Eau cellulaire Gel 50ml"},"content":{"rendered":"<p>Un gel sorbet qui d\u00e9salt\u00e8re sans faire briller les peaux en qu\u00eate de fra\u00eecheur.<br \/>\nL&rsquo;Eau Cellulaire et sa ligne de soins aident \u00e0 pr\u00e9server les fonctions essentielles \u00e0 la jeunesse de la peau.<br \/>\nHydratation dynamique : assure un taux d\u2019hydratation optimal en favorisant les \u00e9changes et le maintien de l\u2019eau dans la peau.<br \/>\nProtection antioxydante : neutralise les effets des radicaux libres, responsables du vieillissement.<br \/>\nD\u00e9fense quotidienne : renforce la barri\u00e8re cutan\u00e9e gr\u00e2ce \u00e0 une protection invisible contre les agressions ext\u00e9rieures (particules polluantes, environnement urbain&#8230;).<br \/>\nEnrichi en capteurs d\u2019eau identiques \u00e0 ceux que contient naturellement la peau, le Gel d\u2019EAU CELLULAIRE offre une hydratation fra\u00eecheur longue dur\u00e9e.<\/p>\n","protected":false},"excerpt":{"rendered":"<p>EAU CELLULAIRE<br \/>\nGEL HYDRATANT FRA\u00ceCHEUR &#8211; POT 50ML<\/p>\n","protected":false},"featured_media":1136,"comment_status":"open","ping_status":"closed","template":"","meta":[],"product_brand":[],"product_cat":[34],"product_tag":[],"class_list":{"0":"post-998","1":"product","2":"type-product","3":"status-publish","4":"has-post-thumbnail","6":"product_cat-34","7":"entry","9":"first","10":"instock","11":"taxable","12":"shipping-taxable","13":"purchasable","14":"product-type-simple"},"jetpack_sharing_enabled":true,"_links":{"self":[{"href":"https:\/\/healthstore.mc\/index.php\/wp-json\/wp\/v2\/product\/998","targetHints":{"allow":["GET"]}}],"collection":[{"href":"https:\/\/healthstore.mc\/index.php\/wp-json\/wp\/v2\/product"}],"about":[{"href":"https:\/\/healthstore.mc\/index.php\/wp-json\/wp\/v2\/types\/product"}],"replies":[{"embeddable":true,"href":"https:\/\/healthstore.mc\/index.php\/wp-json\/wp\/v2\/comments?post=998"}],"wp:featuredmedia":[{"embeddable":true,"href":"https:\/\/healthstore.mc\/index.php\/wp-json\/wp\/v2\/media\/1136"}],"wp:attachment":[{"href":"https:\/\/healthstore.mc\/index.php\/wp-json\/wp\/v2\/media?parent=998"}],"wp:term":[{"taxonomy":"product_brand","embeddable":true,"href":"https:\/\/healthstore.mc\/index.php\/wp-json\/wp\/v2\/product_brand?post=998"},{"taxonomy":"product_cat","embeddable":true,"href":"https:\/\/healthstore.mc\/index.php\/wp-json\/wp\/v2\/product_cat?post=998"},{"taxonomy":"product_tag","embeddable":true,"href":"https:\/\/healthstore.mc\/index.php\/wp-json\/wp\/v2\/product_tag?post=998"}],"curies":[{"name":"wp","href":"https:\/\/api.w.org\/{rel}","templated":true}]}}