{"id":999,"date":"2020-10-27T18:25:01","date_gmt":"2020-10-27T17:25:01","guid":{"rendered":"http:\/\/34.65.96.88\/index.php\/product\/esthed-eau-cell-essence-125ml\/"},"modified":"2024-09-21T16:43:16","modified_gmt":"2024-09-21T14:43:16","slug":"eau-cellulaire-essence-125ml","status":"publish","type":"product","link":"https:\/\/healthstore.mc\/index.php\/product\/eau-cellulaire-essence-125ml\/","title":{"rendered":"Eau cellulaire Essence 125ml"},"content":{"rendered":"<p>Ce nouveau geste venu d\u2019ASIE associe la fra\u00eecheur d\u2019une lotion \u00e0 l\u2019efficacit\u00e9 d\u2019un soin d\u2019exception. Enrichie en acide hyaluronique, sa texture ultra-l\u00e9g\u00e8re procure l\u2019effet \u2018\u2019glow*\u2019\u2019 d\u2019une peau gorg\u00e9e d\u2019eau.<br \/>\n*rayonnant<br \/>\nL\u2019Eau Cellulaire et sa ligne de soin aident \u00e0 pr\u00e9server les fonctions essentielles \u00e0 la jeunesse de la peau :<br \/>\n&#8211; Hydratation dynamique : assure un taux d\u2019hydratation optimal en favorisant les \u00e9changes et le maintien de l\u2019eau dans la peau.<br \/>\n&#8211; Protection antioxydante : neutralise les effets des radicaux libres, responsables du vieillissement.<br \/>\n&#8211; D\u00e9fense quotidienne : \u00e9limine les toxines accumul\u00e9es au cours de la journ\u00e9e ou g\u00e9n\u00e9r\u00e9es pendant la nuit.<\/p>\n","protected":false},"excerpt":{"rendered":"<p>EAU CELLULAIRE<br \/>\nLOTION ESSENCE EAU CELLULAIRE 125 ML<\/p>\n","protected":false},"featured_media":1135,"comment_status":"open","ping_status":"closed","template":"","meta":[],"product_brand":[],"product_cat":[34],"product_tag":[],"class_list":{"0":"post-999","1":"product","2":"type-product","3":"status-publish","4":"has-post-thumbnail","6":"product_cat-34","7":"entry","9":"first","10":"instock","11":"taxable","12":"shipping-taxable","13":"purchasable","14":"product-type-simple"},"jetpack_sharing_enabled":true,"_links":{"self":[{"href":"https:\/\/healthstore.mc\/index.php\/wp-json\/wp\/v2\/product\/999","targetHints":{"allow":["GET"]}}],"collection":[{"href":"https:\/\/healthstore.mc\/index.php\/wp-json\/wp\/v2\/product"}],"about":[{"href":"https:\/\/healthstore.mc\/index.php\/wp-json\/wp\/v2\/types\/product"}],"replies":[{"embeddable":true,"href":"https:\/\/healthstore.mc\/index.php\/wp-json\/wp\/v2\/comments?post=999"}],"wp:featuredmedia":[{"embeddable":true,"href":"https:\/\/healthstore.mc\/index.php\/wp-json\/wp\/v2\/media\/1135"}],"wp:attachment":[{"href":"https:\/\/healthstore.mc\/index.php\/wp-json\/wp\/v2\/media?parent=999"}],"wp:term":[{"taxonomy":"product_brand","embeddable":true,"href":"https:\/\/healthstore.mc\/index.php\/wp-json\/wp\/v2\/product_brand?post=999"},{"taxonomy":"product_cat","embeddable":true,"href":"https:\/\/healthstore.mc\/index.php\/wp-json\/wp\/v2\/product_cat?post=999"},{"taxonomy":"product_tag","embeddable":true,"href":"https:\/\/healthstore.mc\/index.php\/wp-json\/wp\/v2\/product_tag?post=999"}],"curies":[{"name":"wp","href":"https:\/\/api.w.org\/{rel}","templated":true}]}}